{"id":864,"date":"2020-09-23T23:20:10","date_gmt":"2020-09-23T23:20:10","guid":{"rendered":"https:\/\/plusclic.com\/?page_id=864"},"modified":"2026-04-06T15:17:01","modified_gmt":"2026-04-06T20:17:01","slug":"gracias-cotizacion","status":"publish","type":"page","link":"https:\/\/plusclic.com\/en\/gracias-cotizacion\/","title":{"rendered":"Thank you Quote"},"content":{"rendered":"<div class=\"brz-root__container brz-reset-all brz brz-root__container-page\">\n<section id=\"_yuydfxjaomgitiwnykqeptjheghlyjddgyuj\" class=\"brz-section brz-css-blp4b4\">\n<div class=\"brz-section__content brz-section--boxed brz-css-1fbshil brz-css-b00m0o\" data-brz-custom-id=\"zgiekeplyysgyndblhjqmqspqfzwekrmhirh\">\n<div class=\"brz-bg\">\n<div class=\"brz-bg-color\"><\/div>\n<\/div>\n<div class=\"brz-container brz-css-d2cj6u\">\n<div class=\"brz-row__container brz-css-v4ykk8\" data-brz-custom-id=\"wjvsjxeenhpsfjyzxdijktndgcdmgdyapvmx\">\n<div class=\"brz-bg\"><\/div>\n<div class=\"brz-row brz-css-7kyf11 brz-css-1ulxbzr\">\n<div class=\"brz-columns brz-css-re7e8y brz-css-d9sg96\" data-brz-custom-id=\"cuclymmslzhefpjvlntgeozejdsoluzezppd\">\n<div class=\"brz-bg\"><\/div>\n<div class=\"brz-column__items brz-css-9u3uwu\">\n<div id=\"\" class=\"brz-css-lwxlku brz-wrapper\">\n<div class=\"brz-image brz-css-1xstha7\" data-brz-custom-id=\"vcnzbnqvypouknarpefzvdkoeqoexdrhqakc\"><img decoding=\"async\" class=\"brz-img brz-img-svg\" src=\"https:\/\/plusclic.com\/wp-content\/uploads\/2020\/09\/Appreciation-bro.svg\" alt=\"\" loading=\"lazy\"><\/div>\n<\/div>\n<\/div>\n<\/div>\n<div class=\"brz-columns brz-css-re7e8y brz-css-1ler4jo\" data-brz-custom-id=\"cvgpxswtjnccxuujmeloniuayqfjnqbnlonn\">\n<div class=\"brz-bg\"><\/div>\n<div class=\"brz-column__items brz-css-9u3uwu brz-css-1bl1e15\">\n<div class=\"brz-wrapper-clone brz-css-1migokx\">\n<div class=\"brz-d-xs-flex brz-flex-xs-wrap brz-css-cl8n53 brz-css-1d7b8hw\" data-brz-custom-id=\"\">\n<div class=\"brz-wrapper-clone__item\" id=\"wnwjkiurtoixcntqofzxwyzfolwekyttvbxp\">\n<div class=\"brz-icon__container\" data-brz-custom-id=\"wnwjkiurtoixcntqofzxwyzfolwekyttvbxp\"><span class=\"brz-icon brz-span brz-css-156so73 brz-css-53p9qt\"><\/span><\/div>\n<\/div>\n<\/div>\n<\/div>\n<div id=\"\" class=\"brz-css-lwxlku brz-wrapper\">\n<div class=\"brz-rich-text brz-rich-text__custom brz-css-162oxuf\" data-brz-custom-id=\"kbnuccrxbwursfvollaemiskqcmvwpahcpty\">\n<div data-brz-translate-text=\"1\">\n<h1 class=\"brz-tp-heading1 brz-css-ig7LC\"><span class=\"brz-cp-color2\">Thank you very much for trusting us<\/span><\/h1>\n<\/div>\n<\/div>\n<\/div>\n<div id=\"\" class=\"brz-css-lwxlku brz-wrapper\">\n<div class=\"brz-rich-text brz-rich-text__custom brz-css-162oxuf\" data-brz-custom-id=\"imslftmosflyftxivtjyndebhofthntbqest\">\n<div data-brz-translate-text=\"1\">\n<p class=\"brz-tp-subtitle brz-css-lH7gi\"><span class=\"brz-cp-color7\">Check your email and we will send your quote there.<\/span><\/p>\n<\/div>\n<\/div>\n<\/div>\n<div class=\"brz-wrapper-clone brz-css-1migokx\">\n<div class=\"brz-d-xs-flex brz-flex-xs-wrap brz-css-cl8n53 brz-css-1se4vjl\" data-brz-custom-id=\"\">\n<div class=\"brz-wrapper-clone__item\" id=\"oosudjalctpbpamwrpigswfohkxqtzofgqcf\"><a class=\"brz-a brz-btn brz-css-1y4ao6u brz-css-10tga8c brz-css-1uzcpf brz-css-1s2z0bn\" href=\"https:\/\/wa.me\/573003740652?text=Hola,%20tengo%20algunas%20preguntas%20sobre%20la%20cotizaci\u00f3n%20de%20mi%20p\u00e1gina%20web\" target=\"_self\" rel=\"noopener\" data-brz-link-type=\"external\" data-brz-custom-id=\"oosudjalctpbpamwrpigswfohkxqtzofgqcf\"><span data-brz-translate-text=\"1\" class=\"brz-span brz-text__editor\">Write us on whatsapp<\/span><\/a><\/div>\n<\/div>\n<\/div>\n<\/div>\n<\/div>\n<\/div>\n<\/div>\n<\/div>\n<\/div>\n<\/section>\n<\/div>\n<p>    <!-- version:1737063589 --><\/p>","protected":false},"excerpt":{"rendered":"<p>Thank you very much for trusting us. Check your email and we will send your quote there. Write to us on WhatsApp<\/p>","protected":false},"author":1,"featured_media":0,"parent":0,"menu_order":0,"comment_status":"closed","ping_status":"closed","template":"brizy-blank-template.php","meta":{"_acf_changed":false,"site-sidebar-layout":"default","site-content-layout":"","ast-site-content-layout":"default","site-content-style":"default","site-sidebar-style":"default","ast-global-header-display":"","ast-banner-title-visibility":"","ast-main-header-display":"","ast-hfb-above-header-display":"","ast-hfb-below-header-display":"","ast-hfb-mobile-header-display":"","site-post-title":"","ast-breadcrumbs-content":"","ast-featured-img":"","footer-sml-layout":"","ast-disable-related-posts":"","theme-transparent-header-meta":"","adv-header-id-meta":"","stick-header-meta":"","header-above-stick-meta":"","header-main-stick-meta":"","header-below-stick-meta":"","astra-migrate-meta-layouts":"default","ast-page-background-enabled":"default","ast-page-background-meta":{"desktop":{"background-color":"var(--ast-global-color-4)","background-image":"","background-repeat":"repeat","background-position":"center center","background-size":"auto","background-attachment":"scroll","background-type":"","background-media":"","overlay-type":"","overlay-color":"","overlay-opacity":"","overlay-gradient":""},"tablet":{"background-color":"","background-image":"","background-repeat":"repeat","background-position":"center center","background-size":"auto","background-attachment":"scroll","background-type":"","background-media":"","overlay-type":"","overlay-color":"","overlay-opacity":"","overlay-gradient":""},"mobile":{"background-color":"","background-image":"","background-repeat":"repeat","background-position":"center center","background-size":"auto","background-attachment":"scroll","background-type":"","background-media":"","overlay-type":"","overlay-color":"","overlay-opacity":"","overlay-gradient":""}},"ast-content-background-meta":{"desktop":{"background-color":"var(--ast-global-color-5)","background-image":"","background-repeat":"repeat","background-position":"center center","background-size":"auto","background-attachment":"scroll","background-type":"","background-media":"","overlay-type":"","overlay-color":"","overlay-opacity":"","overlay-gradient":""},"tablet":{"background-color":"var(--ast-global-color-5)","background-image":"","background-repeat":"repeat","background-position":"center center","background-size":"auto","background-attachment":"scroll","background-type":"","background-media":"","overlay-type":"","overlay-color":"","overlay-opacity":"","overlay-gradient":""},"mobile":{"background-color":"var(--ast-global-color-5)","background-image":"","background-repeat":"repeat","background-position":"center center","background-size":"auto","background-attachment":"scroll","background-type":"","background-media":"","overlay-type":"","overlay-color":"","overlay-opacity":"","overlay-gradient":""}},"footnotes":""},"class_list":["post-864","page","type-page","status-publish","hentry"],"acf":[],"yoast_head":"<!-- This site is optimized with the Yoast SEO plugin v27.4 - https:\/\/yoast.com\/product\/yoast-seo-wordpress\/ -->\n<title>Gracias Cotizaci\u00f3n -<\/title>\n<meta name=\"robots\" content=\"index, follow, max-snippet:-1, max-image-preview:large, max-video-preview:-1\" \/>\n<link rel=\"canonical\" href=\"https:\/\/plusclic.com\/en\/gracias-cotizacion\/\" \/>\n<meta property=\"og:locale\" content=\"en_US\" \/>\n<meta property=\"og:type\" content=\"article\" \/>\n<meta property=\"og:title\" content=\"Gracias Cotizaci\u00f3n -\" \/>\n<meta property=\"og:description\" content=\"Muchas gracias por confiar en nosotros Revisa tu correo que all\u00ed enviaremos tu cotizaci\u00f3n Escr\u00edbenos al whatsqapp\" \/>\n<meta property=\"og:url\" content=\"https:\/\/plusclic.com\/en\/gracias-cotizacion\/\" \/>\n<meta property=\"article:modified_time\" content=\"2026-04-06T20:17:01+00:00\" \/>\n<meta property=\"og:image\" content=\"https:\/\/plusclic.com\/wp-content\/uploads\/2020\/09\/Appreciation-bro.svg\" \/>\n<meta name=\"twitter:card\" content=\"summary_large_image\" \/>\n<script type=\"application\/ld+json\" class=\"yoast-schema-graph\">{\"@context\":\"https:\\\/\\\/schema.org\",\"@graph\":[{\"@type\":\"WebPage\",\"@id\":\"https:\\\/\\\/plusclic.com\\\/en\\\/gracias-cotizacion\\\/\",\"url\":\"https:\\\/\\\/plusclic.com\\\/en\\\/gracias-cotizacion\\\/\",\"name\":\"Gracias Cotizaci\u00f3n -\",\"isPartOf\":{\"@id\":\"https:\\\/\\\/plusclic.com\\\/#website\"},\"primaryImageOfPage\":{\"@id\":\"https:\\\/\\\/plusclic.com\\\/en\\\/gracias-cotizacion\\\/#primaryimage\"},\"image\":{\"@id\":\"https:\\\/\\\/plusclic.com\\\/en\\\/gracias-cotizacion\\\/#primaryimage\"},\"thumbnailUrl\":\"https:\\\/\\\/plusclic.com\\\/wp-content\\\/uploads\\\/2020\\\/09\\\/Appreciation-bro.svg\",\"datePublished\":\"2020-09-23T23:20:10+00:00\",\"dateModified\":\"2026-04-06T20:17:01+00:00\",\"breadcrumb\":{\"@id\":\"https:\\\/\\\/plusclic.com\\\/en\\\/gracias-cotizacion\\\/#breadcrumb\"},\"inLanguage\":\"en-US\",\"potentialAction\":[{\"@type\":\"ReadAction\",\"target\":[\"https:\\\/\\\/plusclic.com\\\/en\\\/gracias-cotizacion\\\/\"]}]},{\"@type\":\"ImageObject\",\"inLanguage\":\"en-US\",\"@id\":\"https:\\\/\\\/plusclic.com\\\/en\\\/gracias-cotizacion\\\/#primaryimage\",\"url\":\"https:\\\/\\\/plusclic.com\\\/wp-content\\\/uploads\\\/2020\\\/09\\\/Appreciation-bro.svg\",\"contentUrl\":\"https:\\\/\\\/plusclic.com\\\/wp-content\\\/uploads\\\/2020\\\/09\\\/Appreciation-bro.svg\"},{\"@type\":\"BreadcrumbList\",\"@id\":\"https:\\\/\\\/plusclic.com\\\/en\\\/gracias-cotizacion\\\/#breadcrumb\",\"itemListElement\":[{\"@type\":\"ListItem\",\"position\":1,\"name\":\"Home\",\"item\":\"https:\\\/\\\/plusclic.com\\\/\"},{\"@type\":\"ListItem\",\"position\":2,\"name\":\"Gracias Cotizaci\u00f3n\"}]},{\"@type\":\"WebSite\",\"@id\":\"https:\\\/\\\/plusclic.com\\\/#website\",\"url\":\"https:\\\/\\\/plusclic.com\\\/\",\"name\":\"\",\"description\":\"Agencia de Marketing Digital\",\"potentialAction\":[{\"@type\":\"SearchAction\",\"target\":{\"@type\":\"EntryPoint\",\"urlTemplate\":\"https:\\\/\\\/plusclic.com\\\/?s={search_term_string}\"},\"query-input\":{\"@type\":\"PropertyValueSpecification\",\"valueRequired\":true,\"valueName\":\"search_term_string\"}}],\"inLanguage\":\"en-US\"}]}<\/script>\n<!-- \/ Yoast SEO plugin. -->","yoast_head_json":{"title":"Gracias Cotizaci\u00f3n -","robots":{"index":"index","follow":"follow","max-snippet":"max-snippet:-1","max-image-preview":"max-image-preview:large","max-video-preview":"max-video-preview:-1"},"canonical":"https:\/\/plusclic.com\/en\/gracias-cotizacion\/","og_locale":"en_US","og_type":"article","og_title":"Gracias Cotizaci\u00f3n -","og_description":"Muchas gracias por confiar en nosotros Revisa tu correo que all\u00ed enviaremos tu cotizaci\u00f3n Escr\u00edbenos al whatsqapp","og_url":"https:\/\/plusclic.com\/en\/gracias-cotizacion\/","article_modified_time":"2026-04-06T20:17:01+00:00","og_image":[{"url":"https:\/\/plusclic.com\/wp-content\/uploads\/2020\/09\/Appreciation-bro.svg","type":"","width":"","height":""}],"twitter_card":"summary_large_image","schema":{"@context":"https:\/\/schema.org","@graph":[{"@type":"WebPage","@id":"https:\/\/plusclic.com\/en\/gracias-cotizacion\/","url":"https:\/\/plusclic.com\/en\/gracias-cotizacion\/","name":"Gracias Cotizaci\u00f3n -","isPartOf":{"@id":"https:\/\/plusclic.com\/#website"},"primaryImageOfPage":{"@id":"https:\/\/plusclic.com\/en\/gracias-cotizacion\/#primaryimage"},"image":{"@id":"https:\/\/plusclic.com\/en\/gracias-cotizacion\/#primaryimage"},"thumbnailUrl":"https:\/\/plusclic.com\/wp-content\/uploads\/2020\/09\/Appreciation-bro.svg","datePublished":"2020-09-23T23:20:10+00:00","dateModified":"2026-04-06T20:17:01+00:00","breadcrumb":{"@id":"https:\/\/plusclic.com\/en\/gracias-cotizacion\/#breadcrumb"},"inLanguage":"en-US","potentialAction":[{"@type":"ReadAction","target":["https:\/\/plusclic.com\/en\/gracias-cotizacion\/"]}]},{"@type":"ImageObject","inLanguage":"en-US","@id":"https:\/\/plusclic.com\/en\/gracias-cotizacion\/#primaryimage","url":"https:\/\/plusclic.com\/wp-content\/uploads\/2020\/09\/Appreciation-bro.svg","contentUrl":"https:\/\/plusclic.com\/wp-content\/uploads\/2020\/09\/Appreciation-bro.svg"},{"@type":"BreadcrumbList","@id":"https:\/\/plusclic.com\/en\/gracias-cotizacion\/#breadcrumb","itemListElement":[{"@type":"ListItem","position":1,"name":"Home","item":"https:\/\/plusclic.com\/"},{"@type":"ListItem","position":2,"name":"Gracias Cotizaci\u00f3n"}]},{"@type":"WebSite","@id":"https:\/\/plusclic.com\/#website","url":"https:\/\/plusclic.com\/","name":"","description":"Agencia de Marketing Digital","potentialAction":[{"@type":"SearchAction","target":{"@type":"EntryPoint","urlTemplate":"https:\/\/plusclic.com\/?s={search_term_string}"},"query-input":{"@type":"PropertyValueSpecification","valueRequired":true,"valueName":"search_term_string"}}],"inLanguage":"en-US"}]}},"brizy_media":[{"id":881,"url":"https:\/\/plusclic.com\/wp-content\/uploads\/2020\/09\/Appreciation-bro.svg","name":"Appreciation-bro.svg","meta":{"brizy_attachment_uid":"wp-237c24b8802c28706b4e1a44b9aad703.svg","brizy_post_uid":["c7d82fb0c3ea7c3b7077fea2f8cf0153"]}}],"_links":{"self":[{"href":"https:\/\/plusclic.com\/en\/wp-json\/wp\/v2\/pages\/864","targetHints":{"allow":["GET"]}}],"collection":[{"href":"https:\/\/plusclic.com\/en\/wp-json\/wp\/v2\/pages"}],"about":[{"href":"https:\/\/plusclic.com\/en\/wp-json\/wp\/v2\/types\/page"}],"author":[{"embeddable":true,"href":"https:\/\/plusclic.com\/en\/wp-json\/wp\/v2\/users\/1"}],"replies":[{"embeddable":true,"href":"https:\/\/plusclic.com\/en\/wp-json\/wp\/v2\/comments?post=864"}],"version-history":[{"count":5,"href":"https:\/\/plusclic.com\/en\/wp-json\/wp\/v2\/pages\/864\/revisions"}],"predecessor-version":[{"id":1154,"href":"https:\/\/plusclic.com\/en\/wp-json\/wp\/v2\/pages\/864\/revisions\/1154"}],"wp:attachment":[{"href":"https:\/\/plusclic.com\/en\/wp-json\/wp\/v2\/media?parent=864"}],"curies":[{"name":"wp","href":"https:\/\/api.w.org\/{rel}","templated":true}]}}