{"id":5126,"date":"2026-01-18T10:01:46","date_gmt":"2026-01-18T15:01:46","guid":{"rendered":"https:\/\/plusclic.com\/?page_id=5126"},"modified":"2026-04-06T18:20:26","modified_gmt":"2026-04-06T23:20:26","slug":"marcas","status":"publish","type":"page","link":"https:\/\/plusclic.com\/en\/marcas\/","title":{"rendered":"Brands"},"content":{"rendered":"<div class=\"brz brz-root__container brz-reset-all brz-root__container-page\">\n<section id=\"r1STYpqU2cDf_r1STYpqU2cDf\" class=\"brz-section brz-css-d-section brz-css-13zx907\">\n<div class=\"brz-section__content brz-section--boxed brz-css-d-sectionitem-bg brz-css-1kxb70\" data-brz-custom-id=\"rJyZVFhP61Nm\">\n<div class=\"brz-bg\">\n<div class=\"brz-bg-image\"><\/div>\n<div class=\"brz-bg-color\"><\/div>\n<\/div>\n<div class=\"brz-container brz-css-d-sectionitem-container brz-css-uiu1eq\">\n<div id=\"\" class=\"brz-css-d-wrapper brz-css-1csxhvo brz-wrapper\">\n<div class=\"brz-rich-text brz-rich-text__custom brz-css-d-richtext brz-css-7c3nwb\" data-brz-custom-id=\"uBJRPtIC5nPm\">\n<div data-brz-translate-text=\"1\">\n<p class=\"brz-text-lg-center brz-tp-lg-heading1 brz-css-lRHc5\" data-uniq-id=\"fPqe5\" data-generated-css=\"brz-css-pPAwt\"><span class=\"brz-cp-color8\">Services that boost your results <\/span><\/p>\n<\/div>\n<\/div>\n<\/div>\n<\/div>\n<\/div>\n<\/section>\n<section id=\"xUF_jmqTTdz9_xUF_jmqTTdz9\" class=\"brz-section brz-css-d-section brz-css-qj377i\">\n<div class=\"brz-section__content brz-section--boxed brz-css-d-sectionitem-bg brz-css-1mm2t5x\" data-brz-custom-id=\"xkNbFceb0qZn\">\n<div class=\"brz-container brz-css-d-sectionitem-container brz-css-1gpfyxj\">\n<div class=\"brz-row__container brz-css-d-row-row brz-css-14mb0m5\" data-brz-custom-id=\"ydfflK6QlxrC\">\n<div class=\"brz-row brz-css-d-row-container brz-css-154vddk\">\n<div class=\"brz-columns brz-css-d-column-column brz-css-1urbylt\" data-brz-custom-id=\"dH_Dx5OUEs4z\">\n<div class=\"brz-bg\"><\/div>\n<div class=\"brz-column__items brz-css-d-column-bg brz-css-e7qinp\">\n<div id=\"\" class=\"brz-css-d-wrapper brz-css-1ar55se brz-wrapper\">\n<div class=\"brz-image brz-css-d-image-dtqqgr149r1y-parent brz-css-pnf7gr\" data-brz-custom-id=\"dtQQgr149R1y\"><img decoding=\"async\" class=\"brz-img brz-img-svg\" src=\"https:\/\/plusclic.com\/wp-content\/uploads\/2026\/01\/logo-teagendoya-blue-green.svg\" loading=\"lazy\" title=\"logo teagendoya.com\"><\/div>\n<\/div>\n<div id=\"\" class=\"brz-css-d-wrapper brz-css-1eq2u7s brz-wrapper\">\n<div class=\"brz-rich-text brz-rich-text__custom brz-css-d-richtext brz-css-1lp7imw\" data-brz-custom-id=\"oXJV5qOq3jnA\">\n<div data-brz-translate-text=\"1\">\n<h2 data-uniq-id=\"zvUxC\" data-generated-css=\"brz-css-zWGl7\" class=\"brz-text-lg-center brz-tp-lg-heading2 brz-css-nj_pa\"><span class=\"brz-cp-color7\">TeAgendoYa.com<\/span><\/h2>\n<\/div>\n<\/div>\n<\/div>\n<div id=\"\" class=\"brz-css-d-wrapper brz-css-yz2z6p brz-wrapper\">\n<div class=\"brz-rich-text brz-rich-text__custom brz-css-d-richtext brz-css-3aim6e\" data-brz-custom-id=\"wuciIObPUEPu\">\n<div data-brz-translate-text=\"1\">\n<p class=\"brz-tp-lg-paragraph brz-css-mVGND\" data-uniq-id=\"h_GBq\" data-generated-css=\"brz-css-jt2WM\"><span class=\"brz-cp-color7\">Scheduling and management software for barbershops, beauty salons, spas, nail spas, optometrists, dentists and veterinary clinics<\/span><\/p>\n<\/div>\n<\/div>\n<\/div>\n<\/div>\n<p><a class=\"brz-a brz-container-link\" target=\"_blank\" rel=\"noopener noreferrer\" href=\"https:\/\/www.teagendoya.com\/\" data-brz-link-type=\"external\"><\/a><\/div>\n<div class=\"brz-columns brz-css-d-column-column brz-css-15im7su\" data-brz-custom-id=\"ceujjPfm7kaA\">\n<div class=\"brz-bg\"><\/div>\n<div class=\"brz-column__items brz-css-d-column-bg brz-css-fdk5mt\">\n<div id=\"\" class=\"brz-css-d-wrapper brz-css-bd79x brz-wrapper\">\n<div class=\"brz-image brz-css-d-image-zgpecqsvex8c-parent brz-css-1bubj6b\" data-brz-custom-id=\"zgpeCqsvEX8C\"><img decoding=\"async\" class=\"brz-img brz-img-svg\" src=\"https:\/\/plusclic.com\/wp-content\/uploads\/2026\/01\/Testimonios-xyz.svg\" loading=\"lazy\" title=\"\"><\/div>\n<\/div>\n<div id=\"\" class=\"brz-css-d-wrapper brz-css-1k8zsgk brz-wrapper\">\n<div class=\"brz-rich-text brz-rich-text__custom brz-css-d-richtext brz-css-8o716i\" data-brz-custom-id=\"grPYOTom3PLV\">\n<div data-brz-translate-text=\"1\">\n<h2 class=\"brz-tp-lg-heading2 brz-text-lg-center brz-css-vhUYL\" data-generated-css=\"brz-css-eeLNM\" data-uniq-id=\"u4T3J\"><span class=\"brz-cp-color7\">Testimonials.xyz<\/span><\/h2>\n<\/div>\n<\/div>\n<\/div>\n<div id=\"\" class=\"brz-css-d-wrapper brz-css-boqymj brz-wrapper\">\n<div class=\"brz-rich-text brz-rich-text__custom brz-css-d-richtext brz-css-1sjbokp\" data-brz-custom-id=\"uhDxV5jV4OKL\">\n<div data-brz-translate-text=\"1\">\n<p class=\"brz-tp-lg-paragraph brz-css-s198W\" data-generated-css=\"brz-css-oU0RX\" data-uniq-id=\"w4PrX\"><span class=\"brz-cp-color7\">Testimonial management software that increases conversions on any website by displaying testimonials from Facebook, Google, or other sources.<\/span><\/p>\n<\/div>\n<\/div>\n<\/div>\n<\/div>\n<p><a class=\"brz-a brz-container-link\" target=\"_blank\" rel=\"noopener noreferrer\" href=\"https:\/\/testimonios.xyz\/\" data-brz-link-type=\"external\"><\/a><\/div>\n<\/div>\n<\/div>\n<\/div>\n<\/div>\n<\/section><\/div>\n<p><!-- version:1768749154 --><\/p>","protected":false},"excerpt":{"rendered":"<p>Servicios que potencian tus resultados TeAgendoYa.com Software de agendamiento y gesti\u00f3n para barber\u00edas, salones de belleza, spas, spa de u\u00f1as, optometr\u00edas, dentistas y veterinarias Testimonios.xyz Software de gesti\u00f3n de testimonios que incrementa las conversiones de cualquier sitio web al mostrar testimonios provenientes de Facebook, Google u otras fuentes.<\/p>","protected":false},"author":1,"featured_media":0,"parent":0,"menu_order":0,"comment_status":"closed","ping_status":"closed","template":"brizy-blank-template.php","meta":{"_acf_changed":false,"site-sidebar-layout":"default","site-content-layout":"","ast-site-content-layout":"default","site-content-style":"default","site-sidebar-style":"default","ast-global-header-display":"","ast-banner-title-visibility":"","ast-main-header-display":"","ast-hfb-above-header-display":"","ast-hfb-below-header-display":"","ast-hfb-mobile-header-display":"","site-post-title":"","ast-breadcrumbs-content":"","ast-featured-img":"","footer-sml-layout":"","ast-disable-related-posts":"","theme-transparent-header-meta":"","adv-header-id-meta":"","stick-header-meta":"","header-above-stick-meta":"","header-main-stick-meta":"","header-below-stick-meta":"","astra-migrate-meta-layouts":"set","ast-page-background-enabled":"default","ast-page-background-meta":{"desktop":{"background-color":"var(--ast-global-color-4)","background-image":"","background-repeat":"repeat","background-position":"center center","background-size":"auto","background-attachment":"scroll","background-type":"","background-media":"","overlay-type":"","overlay-color":"","overlay-opacity":"","overlay-gradient":""},"tablet":{"background-color":"","background-image":"","background-repeat":"repeat","background-position":"center center","background-size":"auto","background-attachment":"scroll","background-type":"","background-media":"","overlay-type":"","overlay-color":"","overlay-opacity":"","overlay-gradient":""},"mobile":{"background-color":"","background-image":"","background-repeat":"repeat","background-position":"center center","background-size":"auto","background-attachment":"scroll","background-type":"","background-media":"","overlay-type":"","overlay-color":"","overlay-opacity":"","overlay-gradient":""}},"ast-content-background-meta":{"desktop":{"background-color":"var(--ast-global-color-5)","background-image":"","background-repeat":"repeat","background-position":"center center","background-size":"auto","background-attachment":"scroll","background-type":"","background-media":"","overlay-type":"","overlay-color":"","overlay-opacity":"","overlay-gradient":""},"tablet":{"background-color":"var(--ast-global-color-5)","background-image":"","background-repeat":"repeat","background-position":"center center","background-size":"auto","background-attachment":"scroll","background-type":"","background-media":"","overlay-type":"","overlay-color":"","overlay-opacity":"","overlay-gradient":""},"mobile":{"background-color":"var(--ast-global-color-5)","background-image":"","background-repeat":"repeat","background-position":"center center","background-size":"auto","background-attachment":"scroll","background-type":"","background-media":"","overlay-type":"","overlay-color":"","overlay-opacity":"","overlay-gradient":""}},"footnotes":""},"class_list":["post-5126","page","type-page","status-publish","hentry"],"acf":[],"yoast_head":"<!-- This site is optimized with the Yoast SEO plugin v27.4 - https:\/\/yoast.com\/product\/yoast-seo-wordpress\/ -->\n<title>Marcas -<\/title>\n<meta name=\"robots\" content=\"index, follow, max-snippet:-1, max-image-preview:large, max-video-preview:-1\" \/>\n<link rel=\"canonical\" href=\"https:\/\/plusclic.com\/en\/marcas\/\" \/>\n<meta property=\"og:locale\" content=\"en_US\" \/>\n<meta property=\"og:type\" content=\"article\" \/>\n<meta property=\"og:title\" content=\"Marcas -\" \/>\n<meta property=\"og:description\" content=\"Servicios que potencian tus resultados TeAgendoYa.com Software de agendamiento y gesti\u00f3n para barber\u00edas, salones de belleza, spas, spa de u\u00f1as, optometr\u00edas, dentistas y veterinarias Testimonios.xyz Software de gesti\u00f3n de testimonios que incrementa las conversiones de cualquier sitio web al mostrar testimonios provenientes de Facebook, Google u otras fuentes.\" \/>\n<meta property=\"og:url\" content=\"https:\/\/plusclic.com\/en\/marcas\/\" \/>\n<meta property=\"article:modified_time\" content=\"2026-04-06T23:20:26+00:00\" \/>\n<meta property=\"og:image\" content=\"https:\/\/plusclic.com\/wp-content\/uploads\/2026\/01\/logo-teagendoya-blue-green.svg\" \/>\n<meta name=\"twitter:card\" content=\"summary_large_image\" \/>\n<script type=\"application\/ld+json\" class=\"yoast-schema-graph\">{\"@context\":\"https:\\\/\\\/schema.org\",\"@graph\":[{\"@type\":\"WebPage\",\"@id\":\"https:\\\/\\\/plusclic.com\\\/marcas\\\/\",\"url\":\"https:\\\/\\\/plusclic.com\\\/marcas\\\/\",\"name\":\"Marcas -\",\"isPartOf\":{\"@id\":\"https:\\\/\\\/plusclic.com\\\/#website\"},\"primaryImageOfPage\":{\"@id\":\"https:\\\/\\\/plusclic.com\\\/marcas\\\/#primaryimage\"},\"image\":{\"@id\":\"https:\\\/\\\/plusclic.com\\\/marcas\\\/#primaryimage\"},\"thumbnailUrl\":\"https:\\\/\\\/plusclic.com\\\/wp-content\\\/uploads\\\/2026\\\/01\\\/logo-teagendoya-blue-green.svg\",\"datePublished\":\"2026-01-18T15:01:46+00:00\",\"dateModified\":\"2026-04-06T23:20:26+00:00\",\"breadcrumb\":{\"@id\":\"https:\\\/\\\/plusclic.com\\\/marcas\\\/#breadcrumb\"},\"inLanguage\":\"en-US\",\"potentialAction\":[{\"@type\":\"ReadAction\",\"target\":[\"https:\\\/\\\/plusclic.com\\\/marcas\\\/\"]}]},{\"@type\":\"ImageObject\",\"inLanguage\":\"en-US\",\"@id\":\"https:\\\/\\\/plusclic.com\\\/marcas\\\/#primaryimage\",\"url\":\"https:\\\/\\\/plusclic.com\\\/wp-content\\\/uploads\\\/2026\\\/01\\\/logo-teagendoya-blue-green.svg\",\"contentUrl\":\"https:\\\/\\\/plusclic.com\\\/wp-content\\\/uploads\\\/2026\\\/01\\\/logo-teagendoya-blue-green.svg\"},{\"@type\":\"BreadcrumbList\",\"@id\":\"https:\\\/\\\/plusclic.com\\\/marcas\\\/#breadcrumb\",\"itemListElement\":[{\"@type\":\"ListItem\",\"position\":1,\"name\":\"Home\",\"item\":\"https:\\\/\\\/plusclic.com\\\/\"},{\"@type\":\"ListItem\",\"position\":2,\"name\":\"Marcas\"}]},{\"@type\":\"WebSite\",\"@id\":\"https:\\\/\\\/plusclic.com\\\/#website\",\"url\":\"https:\\\/\\\/plusclic.com\\\/\",\"name\":\"\",\"description\":\"Agencia de Marketing Digital\",\"potentialAction\":[{\"@type\":\"SearchAction\",\"target\":{\"@type\":\"EntryPoint\",\"urlTemplate\":\"https:\\\/\\\/plusclic.com\\\/?s={search_term_string}\"},\"query-input\":{\"@type\":\"PropertyValueSpecification\",\"valueRequired\":true,\"valueName\":\"search_term_string\"}}],\"inLanguage\":\"en-US\"}]}<\/script>\n<!-- \/ Yoast SEO plugin. -->","yoast_head_json":{"title":"Marcas -","robots":{"index":"index","follow":"follow","max-snippet":"max-snippet:-1","max-image-preview":"max-image-preview:large","max-video-preview":"max-video-preview:-1"},"canonical":"https:\/\/plusclic.com\/en\/marcas\/","og_locale":"en_US","og_type":"article","og_title":"Marcas -","og_description":"Servicios que potencian tus resultados TeAgendoYa.com Software de agendamiento y gesti\u00f3n para barber\u00edas, salones de belleza, spas, spa de u\u00f1as, optometr\u00edas, dentistas y veterinarias Testimonios.xyz Software de gesti\u00f3n de testimonios que incrementa las conversiones de cualquier sitio web al mostrar testimonios provenientes de Facebook, Google u otras fuentes.","og_url":"https:\/\/plusclic.com\/en\/marcas\/","article_modified_time":"2026-04-06T23:20:26+00:00","og_image":[{"url":"https:\/\/plusclic.com\/wp-content\/uploads\/2026\/01\/logo-teagendoya-blue-green.svg","type":"","width":"","height":""}],"twitter_card":"summary_large_image","schema":{"@context":"https:\/\/schema.org","@graph":[{"@type":"WebPage","@id":"https:\/\/plusclic.com\/marcas\/","url":"https:\/\/plusclic.com\/marcas\/","name":"Marcas -","isPartOf":{"@id":"https:\/\/plusclic.com\/#website"},"primaryImageOfPage":{"@id":"https:\/\/plusclic.com\/marcas\/#primaryimage"},"image":{"@id":"https:\/\/plusclic.com\/marcas\/#primaryimage"},"thumbnailUrl":"https:\/\/plusclic.com\/wp-content\/uploads\/2026\/01\/logo-teagendoya-blue-green.svg","datePublished":"2026-01-18T15:01:46+00:00","dateModified":"2026-04-06T23:20:26+00:00","breadcrumb":{"@id":"https:\/\/plusclic.com\/marcas\/#breadcrumb"},"inLanguage":"en-US","potentialAction":[{"@type":"ReadAction","target":["https:\/\/plusclic.com\/marcas\/"]}]},{"@type":"ImageObject","inLanguage":"en-US","@id":"https:\/\/plusclic.com\/marcas\/#primaryimage","url":"https:\/\/plusclic.com\/wp-content\/uploads\/2026\/01\/logo-teagendoya-blue-green.svg","contentUrl":"https:\/\/plusclic.com\/wp-content\/uploads\/2026\/01\/logo-teagendoya-blue-green.svg"},{"@type":"BreadcrumbList","@id":"https:\/\/plusclic.com\/marcas\/#breadcrumb","itemListElement":[{"@type":"ListItem","position":1,"name":"Home","item":"https:\/\/plusclic.com\/"},{"@type":"ListItem","position":2,"name":"Marcas"}]},{"@type":"WebSite","@id":"https:\/\/plusclic.com\/#website","url":"https:\/\/plusclic.com\/","name":"","description":"Agencia de Marketing Digital","potentialAction":[{"@type":"SearchAction","target":{"@type":"EntryPoint","urlTemplate":"https:\/\/plusclic.com\/?s={search_term_string}"},"query-input":{"@type":"PropertyValueSpecification","valueRequired":true,"valueName":"search_term_string"}}],"inLanguage":"en-US"}]}},"brizy_media":[{"id":5131,"url":"https:\/\/plusclic.com\/wp-content\/uploads\/2026\/01\/logo-teagendoya-blue-green.svg","name":"logo-teagendoya-blue-green.svg","meta":{"brizy_attachment_uid":"wp-9bd51434eb2a3e6e10de2f75e01925b2.svg","brizy_post_uid":["3806788968d0ea0b4eeda83271798b01"]}},{"id":5132,"url":"https:\/\/plusclic.com\/wp-content\/uploads\/2026\/01\/Testimonios-xyz.svg","name":"Testimonios-xyz.svg","meta":{"brizy_attachment_uid":"wp-e66372709c1072d337a3a45b1485298c.svg","brizy_post_uid":["3806788968d0ea0b4eeda83271798b01"]}}],"_links":{"self":[{"href":"https:\/\/plusclic.com\/en\/wp-json\/wp\/v2\/pages\/5126","targetHints":{"allow":["GET"]}}],"collection":[{"href":"https:\/\/plusclic.com\/en\/wp-json\/wp\/v2\/pages"}],"about":[{"href":"https:\/\/plusclic.com\/en\/wp-json\/wp\/v2\/types\/page"}],"author":[{"embeddable":true,"href":"https:\/\/plusclic.com\/en\/wp-json\/wp\/v2\/users\/1"}],"replies":[{"embeddable":true,"href":"https:\/\/plusclic.com\/en\/wp-json\/wp\/v2\/comments?post=5126"}],"version-history":[{"count":3,"href":"https:\/\/plusclic.com\/en\/wp-json\/wp\/v2\/pages\/5126\/revisions"}],"predecessor-version":[{"id":5133,"href":"https:\/\/plusclic.com\/en\/wp-json\/wp\/v2\/pages\/5126\/revisions\/5133"}],"wp:attachment":[{"href":"https:\/\/plusclic.com\/en\/wp-json\/wp\/v2\/media?parent=5126"}],"curies":[{"name":"wp","href":"https:\/\/api.w.org\/{rel}","templated":true}]}}