{"id":2036,"date":"2021-05-28T15:59:30","date_gmt":"2021-05-28T15:59:30","guid":{"rendered":"https:\/\/plusclic.com\/?page_id=2036"},"modified":"2021-05-28T16:05:40","modified_gmt":"2021-05-28T16:05:40","slug":"politica-de-entrega","status":"publish","type":"page","link":"https:\/\/plusclic.com\/en\/politica-de-entrega\/","title":{"rendered":"Delivery Policy"},"content":{"rendered":"<p>Our products and services are provided and delivered digitally according to the prices and deadlines agreed with the client.<\/p>\n\n\n\n<p>You can verify the delivery of the service by accessing the contracted applications or observing the work carried out in your accounts, such as websites or advertising campaigns, to name an example.<\/p>\n\n\n\n<p>You will have the right to request a review of your service or a refund of your money in accordance with the refund policy.<\/p>\n\n\n\n<p><\/p>","protected":false},"excerpt":{"rendered":"<p>Our products and services are provided and delivered digitally according to the prices and deadlines agreed with the client. You can verify the delivery of the service by accessing the contracted applications or observing the work carried out in your accounts, such as websites or advertising campaigns, to name an example. You will have the right to [\u2026]<\/p>","protected":false},"author":1,"featured_media":0,"parent":0,"menu_order":0,"comment_status":"closed","ping_status":"closed","template":"","meta":{"_acf_changed":false,"site-sidebar-layout":"default","site-content-layout":"","ast-site-content-layout":"default","site-content-style":"default","site-sidebar-style":"default","ast-global-header-display":"","ast-banner-title-visibility":"","ast-main-header-display":"","ast-hfb-above-header-display":"","ast-hfb-below-header-display":"","ast-hfb-mobile-header-display":"","site-post-title":"","ast-breadcrumbs-content":"","ast-featured-img":"","footer-sml-layout":"","ast-disable-related-posts":"","theme-transparent-header-meta":"","adv-header-id-meta":"","stick-header-meta":"","header-above-stick-meta":"","header-main-stick-meta":"","header-below-stick-meta":"","astra-migrate-meta-layouts":"default","ast-page-background-enabled":"default","ast-page-background-meta":{"desktop":{"background-color":"var(--ast-global-color-4)","background-image":"","background-repeat":"repeat","background-position":"center center","background-size":"auto","background-attachment":"scroll","background-type":"","background-media":"","overlay-type":"","overlay-color":"","overlay-opacity":"","overlay-gradient":""},"tablet":{"background-color":"","background-image":"","background-repeat":"repeat","background-position":"center center","background-size":"auto","background-attachment":"scroll","background-type":"","background-media":"","overlay-type":"","overlay-color":"","overlay-opacity":"","overlay-gradient":""},"mobile":{"background-color":"","background-image":"","background-repeat":"repeat","background-position":"center center","background-size":"auto","background-attachment":"scroll","background-type":"","background-media":"","overlay-type":"","overlay-color":"","overlay-opacity":"","overlay-gradient":""}},"ast-content-background-meta":{"desktop":{"background-color":"var(--ast-global-color-5)","background-image":"","background-repeat":"repeat","background-position":"center center","background-size":"auto","background-attachment":"scroll","background-type":"","background-media":"","overlay-type":"","overlay-color":"","overlay-opacity":"","overlay-gradient":""},"tablet":{"background-color":"var(--ast-global-color-5)","background-image":"","background-repeat":"repeat","background-position":"center center","background-size":"auto","background-attachment":"scroll","background-type":"","background-media":"","overlay-type":"","overlay-color":"","overlay-opacity":"","overlay-gradient":""},"mobile":{"background-color":"var(--ast-global-color-5)","background-image":"","background-repeat":"repeat","background-position":"center center","background-size":"auto","background-attachment":"scroll","background-type":"","background-media":"","overlay-type":"","overlay-color":"","overlay-opacity":"","overlay-gradient":""}},"footnotes":""},"class_list":["post-2036","page","type-page","status-publish","hentry"],"acf":[],"yoast_head":"<!-- This site is optimized with the Yoast SEO plugin v27.4 - https:\/\/yoast.com\/product\/yoast-seo-wordpress\/ -->\n<title>Pol\u00edtica de entrega -<\/title>\n<meta name=\"robots\" content=\"index, follow, max-snippet:-1, max-image-preview:large, max-video-preview:-1\" \/>\n<link rel=\"canonical\" href=\"https:\/\/plusclic.com\/en\/politica-de-entrega\/\" \/>\n<meta property=\"og:locale\" content=\"en_US\" \/>\n<meta property=\"og:type\" content=\"article\" \/>\n<meta property=\"og:title\" content=\"Pol\u00edtica de entrega -\" \/>\n<meta property=\"og:description\" content=\"Nuestros productos y servicios se proveen y entregan de manera digital seg\u00fan los precios y los plazos pactados con el cliente. Usted podr\u00e1 corroborar la entrega del servicio al ingresar a las aplicaciones contratadas u observar los trabajos realizados en sus cuentas, como sitios web o campa\u00f1as publicitarias por citar un ejemplo. Usted tendr\u00e1 derecho [&hellip;]\" \/>\n<meta property=\"og:url\" content=\"https:\/\/plusclic.com\/en\/politica-de-entrega\/\" \/>\n<meta property=\"article:modified_time\" content=\"2021-05-28T16:05:40+00:00\" \/>\n<meta name=\"twitter:card\" content=\"summary_large_image\" \/>\n<meta name=\"twitter:label1\" content=\"Est. reading time\" \/>\n\t<meta name=\"twitter:data1\" content=\"1 minute\" \/>\n<script type=\"application\/ld+json\" class=\"yoast-schema-graph\">{\"@context\":\"https:\\\/\\\/schema.org\",\"@graph\":[{\"@type\":\"WebPage\",\"@id\":\"https:\\\/\\\/plusclic.com\\\/politica-de-entrega\\\/\",\"url\":\"https:\\\/\\\/plusclic.com\\\/politica-de-entrega\\\/\",\"name\":\"Pol\u00edtica de entrega -\",\"isPartOf\":{\"@id\":\"https:\\\/\\\/plusclic.com\\\/#website\"},\"datePublished\":\"2021-05-28T15:59:30+00:00\",\"dateModified\":\"2021-05-28T16:05:40+00:00\",\"breadcrumb\":{\"@id\":\"https:\\\/\\\/plusclic.com\\\/politica-de-entrega\\\/#breadcrumb\"},\"inLanguage\":\"en-US\",\"potentialAction\":[{\"@type\":\"ReadAction\",\"target\":[\"https:\\\/\\\/plusclic.com\\\/politica-de-entrega\\\/\"]}]},{\"@type\":\"BreadcrumbList\",\"@id\":\"https:\\\/\\\/plusclic.com\\\/politica-de-entrega\\\/#breadcrumb\",\"itemListElement\":[{\"@type\":\"ListItem\",\"position\":1,\"name\":\"Home\",\"item\":\"https:\\\/\\\/plusclic.com\\\/\"},{\"@type\":\"ListItem\",\"position\":2,\"name\":\"Pol\u00edtica de entrega\"}]},{\"@type\":\"WebSite\",\"@id\":\"https:\\\/\\\/plusclic.com\\\/#website\",\"url\":\"https:\\\/\\\/plusclic.com\\\/\",\"name\":\"\",\"description\":\"Agencia de Marketing Digital\",\"potentialAction\":[{\"@type\":\"SearchAction\",\"target\":{\"@type\":\"EntryPoint\",\"urlTemplate\":\"https:\\\/\\\/plusclic.com\\\/?s={search_term_string}\"},\"query-input\":{\"@type\":\"PropertyValueSpecification\",\"valueRequired\":true,\"valueName\":\"search_term_string\"}}],\"inLanguage\":\"en-US\"}]}<\/script>\n<!-- \/ Yoast SEO plugin. -->","yoast_head_json":{"title":"Pol\u00edtica de entrega -","robots":{"index":"index","follow":"follow","max-snippet":"max-snippet:-1","max-image-preview":"max-image-preview:large","max-video-preview":"max-video-preview:-1"},"canonical":"https:\/\/plusclic.com\/en\/politica-de-entrega\/","og_locale":"en_US","og_type":"article","og_title":"Pol\u00edtica de entrega -","og_description":"Nuestros productos y servicios se proveen y entregan de manera digital seg\u00fan los precios y los plazos pactados con el cliente. Usted podr\u00e1 corroborar la entrega del servicio al ingresar a las aplicaciones contratadas u observar los trabajos realizados en sus cuentas, como sitios web o campa\u00f1as publicitarias por citar un ejemplo. Usted tendr\u00e1 derecho [&hellip;]","og_url":"https:\/\/plusclic.com\/en\/politica-de-entrega\/","article_modified_time":"2021-05-28T16:05:40+00:00","twitter_card":"summary_large_image","twitter_misc":{"Est. reading time":"1 minute"},"schema":{"@context":"https:\/\/schema.org","@graph":[{"@type":"WebPage","@id":"https:\/\/plusclic.com\/politica-de-entrega\/","url":"https:\/\/plusclic.com\/politica-de-entrega\/","name":"Pol\u00edtica de entrega -","isPartOf":{"@id":"https:\/\/plusclic.com\/#website"},"datePublished":"2021-05-28T15:59:30+00:00","dateModified":"2021-05-28T16:05:40+00:00","breadcrumb":{"@id":"https:\/\/plusclic.com\/politica-de-entrega\/#breadcrumb"},"inLanguage":"en-US","potentialAction":[{"@type":"ReadAction","target":["https:\/\/plusclic.com\/politica-de-entrega\/"]}]},{"@type":"BreadcrumbList","@id":"https:\/\/plusclic.com\/politica-de-entrega\/#breadcrumb","itemListElement":[{"@type":"ListItem","position":1,"name":"Home","item":"https:\/\/plusclic.com\/"},{"@type":"ListItem","position":2,"name":"Pol\u00edtica de entrega"}]},{"@type":"WebSite","@id":"https:\/\/plusclic.com\/#website","url":"https:\/\/plusclic.com\/","name":"","description":"Agencia de Marketing Digital","potentialAction":[{"@type":"SearchAction","target":{"@type":"EntryPoint","urlTemplate":"https:\/\/plusclic.com\/?s={search_term_string}"},"query-input":{"@type":"PropertyValueSpecification","valueRequired":true,"valueName":"search_term_string"}}],"inLanguage":"en-US"}]}},"brizy_media":[],"_links":{"self":[{"href":"https:\/\/plusclic.com\/en\/wp-json\/wp\/v2\/pages\/2036","targetHints":{"allow":["GET"]}}],"collection":[{"href":"https:\/\/plusclic.com\/en\/wp-json\/wp\/v2\/pages"}],"about":[{"href":"https:\/\/plusclic.com\/en\/wp-json\/wp\/v2\/types\/page"}],"author":[{"embeddable":true,"href":"https:\/\/plusclic.com\/en\/wp-json\/wp\/v2\/users\/1"}],"replies":[{"embeddable":true,"href":"https:\/\/plusclic.com\/en\/wp-json\/wp\/v2\/comments?post=2036"}],"version-history":[{"count":2,"href":"https:\/\/plusclic.com\/en\/wp-json\/wp\/v2\/pages\/2036\/revisions"}],"predecessor-version":[{"id":2039,"href":"https:\/\/plusclic.com\/en\/wp-json\/wp\/v2\/pages\/2036\/revisions\/2039"}],"wp:attachment":[{"href":"https:\/\/plusclic.com\/en\/wp-json\/wp\/v2\/media?parent=2036"}],"curies":[{"name":"wp","href":"https:\/\/api.w.org\/{rel}","templated":true}]}}