{"id":1943,"date":"2021-05-18T20:14:34","date_gmt":"2021-05-18T20:14:34","guid":{"rendered":"https:\/\/plusclic.com\/?page_id=1943"},"modified":"2021-05-18T20:14:37","modified_gmt":"2021-05-18T20:14:37","slug":"politica-de-reembolso","status":"publish","type":"page","link":"https:\/\/plusclic.com\/en\/politica-de-reembolso\/","title":{"rendered":"Refund Policy"},"content":{"rendered":"<h3 class=\"wp-block-heading\"><strong>Refund Policy<\/strong><\/h3>\n\n\n\n<p>Our goal is to provide services that allow you to generate greater income and profits for your business.<\/p>\n\n\n\n<p>However, you are fully protected by a 100% money back policy.<\/p>\n\n\n\n<p><strong>20-Day Money Back Guarantee \u2013 One-Time Payment Option<\/strong><\/p>\n\n\n\n<p>If you are not satisfied at any time during the first 20 days after purchase, simply return all physical products (if applicable) that we sent you, delete all digital text, audio and video files that you received from us and request a full refund. You will receive your money back. This is a firm commitment and promise. You will not be able to get a refund if you request it after the 20-day time limit has passed.<\/p>\n\n\n\n<p>To obtain a full or partial refund under this policy, you must include information about your purchase (such as a copy of your receipt) so that we can issue the refund.<\/p>\n\n\n\n<p><strong>Money Back Guarantee on Recurring Payments \u2013 After 20 Days<\/strong><\/p>\n\n\n\n<p>If for any reason you are not satisfied more than 20 days after purchasing using a multi-payment option (such as monthly, quarterly, semi-annual, annual, or 3-payment payment), simply return all physical products (if applicable) that we sent you, delete all digital text, audio, and video files you received from us, and request a refund of the portion of the purchase price you paid in the last 20 days. We will refund that portion of the purchase price.<\/p>\n\n\n\n<p>To obtain a full or partial refund under this policy, you must include information about your purchase (such as a copy of your receipt) so that we can issue the refund.<\/p>\n\n\n\n<p><strong>How to Contact Us<\/strong><\/p>\n\n\n\n<p>Please email your refund requests through our support site: https:\/\/plusclic.com\/#contacto. Please include the words \u201cRefund Request\u201d in the subject of your email.<\/p>\n\n\n\n<p>In order to better serve you and other customers in the future, we ask (but do not require) that you tell us why you want a refund. We want happy customers.<\/p>\n\n\n\n<p>Please remember that requesting a refund and continuing to use the products you purchased from us is the same as stealing and also violates applicable intellectual property rights law.<\/p>\n\n\n\n<p>This refund policy was last updated on April 14, 2021.<\/p>\n\n\n\n<p>Juan David Calle Duque owns and operates this business website plusclic.com. All references to \u201cwe\u201d, \u201cour\u201d, \u201cthis website\u201d, \u201cthis site\u201d or Media Digital F\u00e1cil shall be construed to mean Plusclic.<\/p>","protected":false},"excerpt":{"rendered":"<p>Refund Policy Our goal is to provide services that will allow you to generate more revenue and profits for your business. However, you are fully protected by a 100% money back guarantee policy. 20-Day Money Back Guarantee \u2013 One Time Payment Option If you are not satisfied at any time, we will refund your money back.<\/p>","protected":false},"author":1,"featured_media":0,"parent":0,"menu_order":0,"comment_status":"closed","ping_status":"closed","template":"","meta":{"_acf_changed":false,"site-sidebar-layout":"default","site-content-layout":"","ast-site-content-layout":"default","site-content-style":"default","site-sidebar-style":"default","ast-global-header-display":"","ast-banner-title-visibility":"","ast-main-header-display":"","ast-hfb-above-header-display":"","ast-hfb-below-header-display":"","ast-hfb-mobile-header-display":"","site-post-title":"","ast-breadcrumbs-content":"","ast-featured-img":"","footer-sml-layout":"","ast-disable-related-posts":"","theme-transparent-header-meta":"","adv-header-id-meta":"","stick-header-meta":"","header-above-stick-meta":"","header-main-stick-meta":"","header-below-stick-meta":"","astra-migrate-meta-layouts":"default","ast-page-background-enabled":"default","ast-page-background-meta":{"desktop":{"background-color":"var(--ast-global-color-4)","background-image":"","background-repeat":"repeat","background-position":"center center","background-size":"auto","background-attachment":"scroll","background-type":"","background-media":"","overlay-type":"","overlay-color":"","overlay-opacity":"","overlay-gradient":""},"tablet":{"background-color":"","background-image":"","background-repeat":"repeat","background-position":"center center","background-size":"auto","background-attachment":"scroll","background-type":"","background-media":"","overlay-type":"","overlay-color":"","overlay-opacity":"","overlay-gradient":""},"mobile":{"background-color":"","background-image":"","background-repeat":"repeat","background-position":"center center","background-size":"auto","background-attachment":"scroll","background-type":"","background-media":"","overlay-type":"","overlay-color":"","overlay-opacity":"","overlay-gradient":""}},"ast-content-background-meta":{"desktop":{"background-color":"var(--ast-global-color-5)","background-image":"","background-repeat":"repeat","background-position":"center center","background-size":"auto","background-attachment":"scroll","background-type":"","background-media":"","overlay-type":"","overlay-color":"","overlay-opacity":"","overlay-gradient":""},"tablet":{"background-color":"var(--ast-global-color-5)","background-image":"","background-repeat":"repeat","background-position":"center center","background-size":"auto","background-attachment":"scroll","background-type":"","background-media":"","overlay-type":"","overlay-color":"","overlay-opacity":"","overlay-gradient":""},"mobile":{"background-color":"var(--ast-global-color-5)","background-image":"","background-repeat":"repeat","background-position":"center center","background-size":"auto","background-attachment":"scroll","background-type":"","background-media":"","overlay-type":"","overlay-color":"","overlay-opacity":"","overlay-gradient":""}},"footnotes":""},"class_list":["post-1943","page","type-page","status-publish","hentry"],"acf":[],"yoast_head":"<!-- This site is optimized with the Yoast SEO plugin v27.4 - https:\/\/yoast.com\/product\/yoast-seo-wordpress\/ -->\n<title>Pol\u00edtica de reembolso -<\/title>\n<meta name=\"robots\" content=\"index, follow, max-snippet:-1, max-image-preview:large, max-video-preview:-1\" \/>\n<link rel=\"canonical\" href=\"https:\/\/plusclic.com\/en\/politica-de-reembolso\/\" \/>\n<meta property=\"og:locale\" content=\"en_US\" \/>\n<meta property=\"og:type\" content=\"article\" \/>\n<meta property=\"og:title\" content=\"Pol\u00edtica de reembolso -\" \/>\n<meta property=\"og:description\" content=\"Pol\u00edtica de Reembolso Nuestro objetivo es proveer servicios que le permitan generar mayores ingresos y utilidades para su negocio. Sin embargo, usted est\u00e1 protegido completamente por una pol\u00edtica de devoluci\u00f3n del 100% de su dinero. Garant\u00eda de Reembolso por 20 D\u00edas \u2013 Opci\u00f3n de Un \u00fanico pago Si usted no est\u00e1 satisfecho en cualquier momento [&hellip;]\" \/>\n<meta property=\"og:url\" content=\"https:\/\/plusclic.com\/en\/politica-de-reembolso\/\" \/>\n<meta property=\"article:modified_time\" content=\"2021-05-18T20:14:37+00:00\" \/>\n<meta name=\"twitter:card\" content=\"summary_large_image\" \/>\n<meta name=\"twitter:label1\" content=\"Est. reading time\" \/>\n\t<meta name=\"twitter:data1\" content=\"2 minutes\" \/>\n<script type=\"application\/ld+json\" class=\"yoast-schema-graph\">{\"@context\":\"https:\\\/\\\/schema.org\",\"@graph\":[{\"@type\":\"WebPage\",\"@id\":\"https:\\\/\\\/plusclic.com\\\/politica-de-reembolso\\\/\",\"url\":\"https:\\\/\\\/plusclic.com\\\/politica-de-reembolso\\\/\",\"name\":\"Pol\u00edtica de reembolso -\",\"isPartOf\":{\"@id\":\"https:\\\/\\\/plusclic.com\\\/#website\"},\"datePublished\":\"2021-05-18T20:14:34+00:00\",\"dateModified\":\"2021-05-18T20:14:37+00:00\",\"breadcrumb\":{\"@id\":\"https:\\\/\\\/plusclic.com\\\/politica-de-reembolso\\\/#breadcrumb\"},\"inLanguage\":\"en-US\",\"potentialAction\":[{\"@type\":\"ReadAction\",\"target\":[\"https:\\\/\\\/plusclic.com\\\/politica-de-reembolso\\\/\"]}]},{\"@type\":\"BreadcrumbList\",\"@id\":\"https:\\\/\\\/plusclic.com\\\/politica-de-reembolso\\\/#breadcrumb\",\"itemListElement\":[{\"@type\":\"ListItem\",\"position\":1,\"name\":\"Home\",\"item\":\"https:\\\/\\\/plusclic.com\\\/\"},{\"@type\":\"ListItem\",\"position\":2,\"name\":\"Pol\u00edtica de reembolso\"}]},{\"@type\":\"WebSite\",\"@id\":\"https:\\\/\\\/plusclic.com\\\/#website\",\"url\":\"https:\\\/\\\/plusclic.com\\\/\",\"name\":\"\",\"description\":\"Agencia de Marketing Digital\",\"potentialAction\":[{\"@type\":\"SearchAction\",\"target\":{\"@type\":\"EntryPoint\",\"urlTemplate\":\"https:\\\/\\\/plusclic.com\\\/?s={search_term_string}\"},\"query-input\":{\"@type\":\"PropertyValueSpecification\",\"valueRequired\":true,\"valueName\":\"search_term_string\"}}],\"inLanguage\":\"en-US\"}]}<\/script>\n<!-- \/ Yoast SEO plugin. -->","yoast_head_json":{"title":"Pol\u00edtica de reembolso -","robots":{"index":"index","follow":"follow","max-snippet":"max-snippet:-1","max-image-preview":"max-image-preview:large","max-video-preview":"max-video-preview:-1"},"canonical":"https:\/\/plusclic.com\/en\/politica-de-reembolso\/","og_locale":"en_US","og_type":"article","og_title":"Pol\u00edtica de reembolso -","og_description":"Pol\u00edtica de Reembolso Nuestro objetivo es proveer servicios que le permitan generar mayores ingresos y utilidades para su negocio. Sin embargo, usted est\u00e1 protegido completamente por una pol\u00edtica de devoluci\u00f3n del 100% de su dinero. Garant\u00eda de Reembolso por 20 D\u00edas \u2013 Opci\u00f3n de Un \u00fanico pago Si usted no est\u00e1 satisfecho en cualquier momento [&hellip;]","og_url":"https:\/\/plusclic.com\/en\/politica-de-reembolso\/","article_modified_time":"2021-05-18T20:14:37+00:00","twitter_card":"summary_large_image","twitter_misc":{"Est. reading time":"2 minutes"},"schema":{"@context":"https:\/\/schema.org","@graph":[{"@type":"WebPage","@id":"https:\/\/plusclic.com\/politica-de-reembolso\/","url":"https:\/\/plusclic.com\/politica-de-reembolso\/","name":"Pol\u00edtica de reembolso -","isPartOf":{"@id":"https:\/\/plusclic.com\/#website"},"datePublished":"2021-05-18T20:14:34+00:00","dateModified":"2021-05-18T20:14:37+00:00","breadcrumb":{"@id":"https:\/\/plusclic.com\/politica-de-reembolso\/#breadcrumb"},"inLanguage":"en-US","potentialAction":[{"@type":"ReadAction","target":["https:\/\/plusclic.com\/politica-de-reembolso\/"]}]},{"@type":"BreadcrumbList","@id":"https:\/\/plusclic.com\/politica-de-reembolso\/#breadcrumb","itemListElement":[{"@type":"ListItem","position":1,"name":"Home","item":"https:\/\/plusclic.com\/"},{"@type":"ListItem","position":2,"name":"Pol\u00edtica de reembolso"}]},{"@type":"WebSite","@id":"https:\/\/plusclic.com\/#website","url":"https:\/\/plusclic.com\/","name":"","description":"Agencia de Marketing Digital","potentialAction":[{"@type":"SearchAction","target":{"@type":"EntryPoint","urlTemplate":"https:\/\/plusclic.com\/?s={search_term_string}"},"query-input":{"@type":"PropertyValueSpecification","valueRequired":true,"valueName":"search_term_string"}}],"inLanguage":"en-US"}]}},"brizy_media":[],"_links":{"self":[{"href":"https:\/\/plusclic.com\/en\/wp-json\/wp\/v2\/pages\/1943","targetHints":{"allow":["GET"]}}],"collection":[{"href":"https:\/\/plusclic.com\/en\/wp-json\/wp\/v2\/pages"}],"about":[{"href":"https:\/\/plusclic.com\/en\/wp-json\/wp\/v2\/types\/page"}],"author":[{"embeddable":true,"href":"https:\/\/plusclic.com\/en\/wp-json\/wp\/v2\/users\/1"}],"replies":[{"embeddable":true,"href":"https:\/\/plusclic.com\/en\/wp-json\/wp\/v2\/comments?post=1943"}],"version-history":[{"count":1,"href":"https:\/\/plusclic.com\/en\/wp-json\/wp\/v2\/pages\/1943\/revisions"}],"predecessor-version":[{"id":1944,"href":"https:\/\/plusclic.com\/en\/wp-json\/wp\/v2\/pages\/1943\/revisions\/1944"}],"wp:attachment":[{"href":"https:\/\/plusclic.com\/en\/wp-json\/wp\/v2\/media?parent=1943"}],"curies":[{"name":"wp","href":"https:\/\/api.w.org\/{rel}","templated":true}]}}