{"id":1934,"date":"2021-05-18T17:22:15","date_gmt":"2021-05-18T17:22:15","guid":{"rendered":"https:\/\/plusclic.com\/?page_id=1934"},"modified":"2021-05-18T17:22:23","modified_gmt":"2021-05-18T17:22:23","slug":"terminos-de-uso","status":"publish","type":"page","link":"https:\/\/plusclic.com\/en\/terminos-de-uso\/","title":{"rendered":"Terms of use"},"content":{"rendered":"<p><strong>1. Introduction<\/strong><\/p>\n\n\n\n<p>These general conditions of use of the website regulate the terms and conditions of access and use of plusclic.com, property of Juan David Calle Duque, with address in Medellin, Colombia and with Tax Identification Code number 1.128.276.779 hereinafter, &quot;the Company&quot;, which the user of the Portal must read and accept in order to use all the services and information provided from the portal. Mere access and\/or use of the portal, all or part of its contents and\/or services means full acceptance of these general conditions of use.&nbsp;<\/p>\n\n\n\n<p><strong>2. Conditions of use<\/strong><\/p>\n\n\n\n<p>These general conditions of use of the portal regulate access to and use of the portal, including the content and services made available to users on and\/or through the portal, either by the portal, its users or third parties. However, access to and use of certain content and\/or services may be subject to certain specific conditions.<\/p>\n\n\n\n<p><strong>3. Modifications<\/strong><\/p>\n\n\n\n<p>The company reserves the right to modify the general conditions of use of the portal at any time. In any case, it is recommended that you periodically consult these terms of use of the portal, as they may be modified.<\/p>\n\n\n\n<p><strong>4. User Obligations<\/strong><\/p>\n\n\n\n<p>The user must at all times respect the terms and conditions established in these general conditions of use of the portal. The user expressly declares that he\/she will use the portal diligently and assume any liability that may arise from non-compliance with the rules.<\/p>\n\n\n\n<p>Likewise, the user may not use the portal to transmit, store, disclose, promote or distribute data or content that contains viruses or any other computer code, files or programs designed to interrupt, destroy or harm the operation of any computer or telecommunications program or equipment.<\/p>\n\n\n\n<p><strong>5. Portal responsibility<\/strong><\/p>\n\n\n\n<p>The user knows and accepts that the portal does not grant any guarantee of any kind, whether express or implicit, regarding the data, content, information and services that are incorporated and offered from the Portal.<\/p>\n\n\n\n<p>Except in cases where the Law expressly imposes otherwise, and exclusively to the extent and extent imposed, the Portal does not guarantee or assume any responsibility for any possible damages caused by the use and utilization of the information, data and services of the Portal.<\/p>\n\n\n\n<p>In any case, the Portal excludes any liability for damages that may arise from information and\/or services provided or supplied by third parties other than the Company. All liability will lie with the third party, whether supplier or collaborator.<\/p>\n\n\n\n<p><strong>6. Intellectual and industrial property<\/strong><\/p>\n\n\n\n<p>All content, trademarks, logos, drawings, documentation, computer programs or any other element susceptible to protection by intellectual or industrial property legislation, which are accessible on the portal correspond exclusively to the company or its legitimate owners and all rights over them are expressly reserved. The creation of hypertext links (links) to any component of the Portal&#039;s web pages is expressly prohibited without the authorization of the company, provided that they are not to a Portal web page that does not require identification or authentication for access, or access is restricted.<\/p>\n\n\n\n<p>In any case, the portal reserves all rights over the content, information, data and services it holds over them. The portal does not grant any license or authorization of use to the user over its content, data or services, other than that expressly detailed in these general conditions of use of the portal.<\/p>\n\n\n\n<p><strong>7. Applicable legislation, competent jurisdiction and notifications<\/strong><\/p>\n\n\n\n<p>These conditions are governed by and interpreted in accordance with the laws of Colombia. The courts and tribunals of Medell\u00edn shall have jurisdiction to hear any claim. All notifications, requests, petitions and other communications that the User wishes to make to the Company that owns the Portal must be made in writing and will be deemed to have been correctly made when they have been received at the following address info@plusclic.com.<\/p>","protected":false},"excerpt":{"rendered":"<p>1. Introduction The present general conditions of use of the website regulate the terms and conditions of access and use of plusclic.com, property of Juan David Calle Duque, with address in Medellin, Colombia and with Tax Identification Code number 1.128.276.779 hereinafter, &quot;the Company&quot;, which the user of the Portal must read and [\u2026]<\/p>","protected":false},"author":1,"featured_media":0,"parent":0,"menu_order":0,"comment_status":"closed","ping_status":"closed","template":"","meta":{"_acf_changed":false,"site-sidebar-layout":"default","site-content-layout":"","ast-site-content-layout":"default","site-content-style":"default","site-sidebar-style":"default","ast-global-header-display":"","ast-banner-title-visibility":"","ast-main-header-display":"","ast-hfb-above-header-display":"","ast-hfb-below-header-display":"","ast-hfb-mobile-header-display":"","site-post-title":"","ast-breadcrumbs-content":"","ast-featured-img":"","footer-sml-layout":"","ast-disable-related-posts":"","theme-transparent-header-meta":"","adv-header-id-meta":"","stick-header-meta":"","header-above-stick-meta":"","header-main-stick-meta":"","header-below-stick-meta":"","astra-migrate-meta-layouts":"default","ast-page-background-enabled":"default","ast-page-background-meta":{"desktop":{"background-color":"var(--ast-global-color-4)","background-image":"","background-repeat":"repeat","background-position":"center center","background-size":"auto","background-attachment":"scroll","background-type":"","background-media":"","overlay-type":"","overlay-color":"","overlay-opacity":"","overlay-gradient":""},"tablet":{"background-color":"","background-image":"","background-repeat":"repeat","background-position":"center center","background-size":"auto","background-attachment":"scroll","background-type":"","background-media":"","overlay-type":"","overlay-color":"","overlay-opacity":"","overlay-gradient":""},"mobile":{"background-color":"","background-image":"","background-repeat":"repeat","background-position":"center center","background-size":"auto","background-attachment":"scroll","background-type":"","background-media":"","overlay-type":"","overlay-color":"","overlay-opacity":"","overlay-gradient":""}},"ast-content-background-meta":{"desktop":{"background-color":"var(--ast-global-color-5)","background-image":"","background-repeat":"repeat","background-position":"center center","background-size":"auto","background-attachment":"scroll","background-type":"","background-media":"","overlay-type":"","overlay-color":"","overlay-opacity":"","overlay-gradient":""},"tablet":{"background-color":"var(--ast-global-color-5)","background-image":"","background-repeat":"repeat","background-position":"center center","background-size":"auto","background-attachment":"scroll","background-type":"","background-media":"","overlay-type":"","overlay-color":"","overlay-opacity":"","overlay-gradient":""},"mobile":{"background-color":"var(--ast-global-color-5)","background-image":"","background-repeat":"repeat","background-position":"center center","background-size":"auto","background-attachment":"scroll","background-type":"","background-media":"","overlay-type":"","overlay-color":"","overlay-opacity":"","overlay-gradient":""}},"footnotes":""},"class_list":["post-1934","page","type-page","status-publish","hentry"],"acf":[],"yoast_head":"<!-- This site is optimized with the Yoast SEO plugin v27.4 - https:\/\/yoast.com\/product\/yoast-seo-wordpress\/ -->\n<title>T\u00e9rminos de uso -<\/title>\n<meta name=\"robots\" content=\"index, follow, max-snippet:-1, max-image-preview:large, max-video-preview:-1\" \/>\n<link rel=\"canonical\" href=\"https:\/\/plusclic.com\/en\/terminos-de-uso\/\" \/>\n<meta property=\"og:locale\" content=\"en_US\" \/>\n<meta property=\"og:type\" content=\"article\" \/>\n<meta property=\"og:title\" content=\"T\u00e9rminos de uso -\" \/>\n<meta property=\"og:description\" content=\"1. Introducci\u00f3n Las presentes condiciones generales de uso de la p\u00e1gina web, regulan los t\u00e9rminos y condiciones de acceso y uso de plusclic.com, propiedad de Juan David Calle Duque, con domicilio en Medellin, Colombia y con C\u00f3digo de Identificaci\u00f3n Fiscal n\u00famero 1.128.276.779 en adelante, \u00abla Empresa\u00bb, que el usuario del Portal deber\u00e1 de leer y [&hellip;]\" \/>\n<meta property=\"og:url\" content=\"https:\/\/plusclic.com\/en\/terminos-de-uso\/\" \/>\n<meta property=\"article:modified_time\" content=\"2021-05-18T17:22:23+00:00\" \/>\n<meta name=\"twitter:card\" content=\"summary_large_image\" \/>\n<meta name=\"twitter:label1\" content=\"Est. reading time\" \/>\n\t<meta name=\"twitter:data1\" content=\"3 minutes\" \/>\n<script type=\"application\/ld+json\" class=\"yoast-schema-graph\">{\"@context\":\"https:\\\/\\\/schema.org\",\"@graph\":[{\"@type\":\"WebPage\",\"@id\":\"https:\\\/\\\/plusclic.com\\\/terminos-de-uso\\\/\",\"url\":\"https:\\\/\\\/plusclic.com\\\/terminos-de-uso\\\/\",\"name\":\"T\u00e9rminos de uso -\",\"isPartOf\":{\"@id\":\"https:\\\/\\\/plusclic.com\\\/#website\"},\"datePublished\":\"2021-05-18T17:22:15+00:00\",\"dateModified\":\"2021-05-18T17:22:23+00:00\",\"breadcrumb\":{\"@id\":\"https:\\\/\\\/plusclic.com\\\/terminos-de-uso\\\/#breadcrumb\"},\"inLanguage\":\"en-US\",\"potentialAction\":[{\"@type\":\"ReadAction\",\"target\":[\"https:\\\/\\\/plusclic.com\\\/terminos-de-uso\\\/\"]}]},{\"@type\":\"BreadcrumbList\",\"@id\":\"https:\\\/\\\/plusclic.com\\\/terminos-de-uso\\\/#breadcrumb\",\"itemListElement\":[{\"@type\":\"ListItem\",\"position\":1,\"name\":\"Home\",\"item\":\"https:\\\/\\\/plusclic.com\\\/\"},{\"@type\":\"ListItem\",\"position\":2,\"name\":\"T\u00e9rminos de uso\"}]},{\"@type\":\"WebSite\",\"@id\":\"https:\\\/\\\/plusclic.com\\\/#website\",\"url\":\"https:\\\/\\\/plusclic.com\\\/\",\"name\":\"\",\"description\":\"Agencia de Marketing Digital\",\"potentialAction\":[{\"@type\":\"SearchAction\",\"target\":{\"@type\":\"EntryPoint\",\"urlTemplate\":\"https:\\\/\\\/plusclic.com\\\/?s={search_term_string}\"},\"query-input\":{\"@type\":\"PropertyValueSpecification\",\"valueRequired\":true,\"valueName\":\"search_term_string\"}}],\"inLanguage\":\"en-US\"}]}<\/script>\n<!-- \/ Yoast SEO plugin. -->","yoast_head_json":{"title":"T\u00e9rminos de uso -","robots":{"index":"index","follow":"follow","max-snippet":"max-snippet:-1","max-image-preview":"max-image-preview:large","max-video-preview":"max-video-preview:-1"},"canonical":"https:\/\/plusclic.com\/en\/terminos-de-uso\/","og_locale":"en_US","og_type":"article","og_title":"T\u00e9rminos de uso -","og_description":"1. Introducci\u00f3n Las presentes condiciones generales de uso de la p\u00e1gina web, regulan los t\u00e9rminos y condiciones de acceso y uso de plusclic.com, propiedad de Juan David Calle Duque, con domicilio en Medellin, Colombia y con C\u00f3digo de Identificaci\u00f3n Fiscal n\u00famero 1.128.276.779 en adelante, \u00abla Empresa\u00bb, que el usuario del Portal deber\u00e1 de leer y [&hellip;]","og_url":"https:\/\/plusclic.com\/en\/terminos-de-uso\/","article_modified_time":"2021-05-18T17:22:23+00:00","twitter_card":"summary_large_image","twitter_misc":{"Est. reading time":"3 minutes"},"schema":{"@context":"https:\/\/schema.org","@graph":[{"@type":"WebPage","@id":"https:\/\/plusclic.com\/terminos-de-uso\/","url":"https:\/\/plusclic.com\/terminos-de-uso\/","name":"T\u00e9rminos de uso -","isPartOf":{"@id":"https:\/\/plusclic.com\/#website"},"datePublished":"2021-05-18T17:22:15+00:00","dateModified":"2021-05-18T17:22:23+00:00","breadcrumb":{"@id":"https:\/\/plusclic.com\/terminos-de-uso\/#breadcrumb"},"inLanguage":"en-US","potentialAction":[{"@type":"ReadAction","target":["https:\/\/plusclic.com\/terminos-de-uso\/"]}]},{"@type":"BreadcrumbList","@id":"https:\/\/plusclic.com\/terminos-de-uso\/#breadcrumb","itemListElement":[{"@type":"ListItem","position":1,"name":"Home","item":"https:\/\/plusclic.com\/"},{"@type":"ListItem","position":2,"name":"T\u00e9rminos de uso"}]},{"@type":"WebSite","@id":"https:\/\/plusclic.com\/#website","url":"https:\/\/plusclic.com\/","name":"","description":"Agencia de Marketing Digital","potentialAction":[{"@type":"SearchAction","target":{"@type":"EntryPoint","urlTemplate":"https:\/\/plusclic.com\/?s={search_term_string}"},"query-input":{"@type":"PropertyValueSpecification","valueRequired":true,"valueName":"search_term_string"}}],"inLanguage":"en-US"}]}},"brizy_media":[],"_links":{"self":[{"href":"https:\/\/plusclic.com\/en\/wp-json\/wp\/v2\/pages\/1934","targetHints":{"allow":["GET"]}}],"collection":[{"href":"https:\/\/plusclic.com\/en\/wp-json\/wp\/v2\/pages"}],"about":[{"href":"https:\/\/plusclic.com\/en\/wp-json\/wp\/v2\/types\/page"}],"author":[{"embeddable":true,"href":"https:\/\/plusclic.com\/en\/wp-json\/wp\/v2\/users\/1"}],"replies":[{"embeddable":true,"href":"https:\/\/plusclic.com\/en\/wp-json\/wp\/v2\/comments?post=1934"}],"version-history":[{"count":1,"href":"https:\/\/plusclic.com\/en\/wp-json\/wp\/v2\/pages\/1934\/revisions"}],"predecessor-version":[{"id":1935,"href":"https:\/\/plusclic.com\/en\/wp-json\/wp\/v2\/pages\/1934\/revisions\/1935"}],"wp:attachment":[{"href":"https:\/\/plusclic.com\/en\/wp-json\/wp\/v2\/media?parent=1934"}],"curies":[{"name":"wp","href":"https:\/\/api.w.org\/{rel}","templated":true}]}}