{"id":1741,"date":"2021-05-03T18:56:51","date_gmt":"2021-05-03T18:56:51","guid":{"rendered":"https:\/\/plusclic.com\/?page_id=1741"},"modified":"2026-04-06T08:48:32","modified_gmt":"2026-04-06T13:48:32","slug":"expertos-en-marketing-digital-portafolio","status":"publish","type":"page","link":"https:\/\/plusclic.com\/en\/expertos-en-marketing-digital-portafolio\/","title":{"rendered":"Digital Marketing Experts \u2013 Portfolio"},"content":{"rendered":"<div class=\"brz-root__container brz-reset-all brz brz-root__container-page\">\n<section id=\"_lvrehenruwxfjxzpwzblpyxkjfznbwdgbkvz\" class=\"brz-section brz-css-7xfw46\">\n<div class=\"brz-section__content brz-section--boxed brz-css-2vra6 brz-css-ci33xi\" data-brz-custom-id=\"kjgojbwkclsabvpbcnpcvaqszuvffjnwgqva\">\n<div class=\"brz-bg\">\n<div class=\"brz-bg-image\"><\/div>\n<div class=\"brz-bg-color\"><\/div>\n<div class=\"brz-bg-shape brz-bg-shape__bottom\"><\/div>\n<\/div>\n<div class=\"brz-container brz-css-17q8hsr\">\n<div id=\"\" class=\"brz-css-i3jda1 brz-wrapper\">\n<div class=\"brz-rich-text brz-rich-text__custom brz-css-16y265p\" data-brz-custom-id=\"wrlgzpoonysuqostqgkrkahyuvdcbdcdeslx\">\n<div data-brz-translate-text=\"1\">\n<h1 class=\"brz-tp-subtitle brz-text-lg-center brz-css-ajV3a\"><strong><span class=\"text-gradient brz-image-gradient\" data-gradient_type=\"linear-gradient\" data-gradient_radial_position=\"90\" data-gradient_linear_angle=\"45\" data-gradient_start_pointer=\"0\" data-gradient_finish_pointer=\"100\" data-gradient_active_pointer=\"finishPointer\" data-gradient_start_hex=\"#FFFFFF\" data-gradient_finish_hex=\"#e2e2e2\" data-gradient_start_opacity=\"1\" data-gradient_finish_opacity=\"0.8\" data-gradient_start_palette=\"color8\" data-gradient_finish_palette=\"color6\">We are experts in Digital Marketing and Web Design<\/span><\/strong><\/h1>\n<\/div>\n<\/div>\n<\/div>\n<div id=\"\" class=\"brz-css-i3jda1 brz-wrapper\">\n<div class=\"brz-rich-text brz-rich-text__custom brz-css-16y265p\" data-brz-custom-id=\"xbwaywalkkwsqkwbdflyrruogxdbuowdcogy\">\n<div data-brz-translate-text=\"1\">\n<h2 class=\"brz-tp-heading1 brz-text-lg-center brz-css-inOmC\"><span class=\"brz-cp-color4\">Project Portfolio<\/span><\/h2>\n<\/div>\n<\/div>\n<\/div>\n<\/div>\n<\/div>\n<\/section>\n<section id=\"_fzemoirtdeieueadajqrkpwktgkpryndmowm\" class=\"brz-section brz-css-7xfw46\">\n<div class=\"brz-section__content brz-section--boxed brz-css-2vra6 brz-css-1jm09pc\" data-brz-custom-id=\"bjrxltkfthpyyttimofpcmvoumvnjkdkdwhp\">\n<div class=\"brz-container brz-css-17q8hsr\">\n<div class=\"brz-row__container brz-css-1edft77\" data-brz-custom-id=\"cfvbqmhvffyhoggvodiijxhxkmwjcfomdzhx\">\n<div class=\"brz-bg\"><\/div>\n<div class=\"brz-row brz-css-ipioyr\">\n<div class=\"brz-columns brz-css-1e1q63j brz-css-1aali8i\" data-brz-custom-id=\"dhtvchchbsqwgfbsmoshcezfkstkincglvoi\">\n<div class=\"brz-bg\"><\/div>\n<div class=\"brz-column__items brz-css-195l96j brz-css-1wp6o69\">\n<div id=\"\" class=\"brz-css-i3jda1 brz-css-b5rr1x brz-wrapper\">\n<div class=\"brz-posts brz-posts--masonry brz-css-w1kv6v brz-css-jqo2in\" data-brz-custom-id=\"zumqjitamjpzjurceidvajgabojpwoaidbvb\">\n<div class=\"brz-posts__wrapper\">\n<div class=\"brz-posts__item\">\n<div class=\"brz-columns brz-css-1e1q63j brz-css-1ew9594\" data-brz-custom-id=\"cincsafdypwfqozirehovipbnnsqfjabmfjr\">\n<div class=\"brz-bg\"><\/div>\n<div class=\"brz-column__items brz-css-195l96j\">\n<div class=\"brz-row__container brz-css-1edft77\" data-brz-custom-id=\"gseunsceytrzhlptaeoxgqbejcjabwgyrlwi\">\n<div class=\"brz-bg\"><\/div>\n<div class=\"brz-row brz-row--inner brz-css-ipioyr\">\n<div class=\"brz-columns brz-css-1e1q63j brz-css-1tageuc\" data-brz-custom-id=\"esthjioquvsrfjdirlitemriabrdbqxpjqgy\">\n<div class=\"brz-bg\"><\/div>\n<div class=\"brz-column__items brz-css-195l96j\">\n<div id=\"\" class=\"brz-css-i3jda1 brz-wrapper\">\n<div class=\"brz-image brz-image__lightbox brz-css-y7i9v3 brz-css-7326hn\" data-brz-custom-id=\"bncwzlkyyaeqlqmrofxawuwgemarwotrfhsb\"><a class=\"brz-a\" href=\"\" target=\"_self\" rel=\"noopener\" data-brz-link-type=\"lightBox\"><img decoding=\"async\" class=\"brz-img\" src=\"\" alt=\"\" loading=\"lazy\"><\/a><\/div>\n<\/div>\n<\/div>\n<\/div>\n<div class=\"brz-columns brz-css-1e1q63j brz-css-10fgsi7\" data-brz-custom-id=\"fyfsgcxltypgpgxlttrfdegwwqxbtbpizphi\">\n<div class=\"brz-bg\"><\/div>\n<div class=\"brz-column__items brz-css-195l96j brz-css-1tok9yg\">\n<div id=\"\" class=\"brz-css-i3jda1 brz-wrapper\">\n<div class=\"brz-rich-text brz-rich-text__custom brz-css-16y265p\" data-brz-custom-id=\"thirkuoypqyeeyoqhycviboekvaxvjoxwaok\">\n<div data-brz-translate-text=\"1\">\n<p class=\"brz-tp-heading6 brz-css-ms0Zh\"><a class=\"link--external is-empty brz-cp-color5\" href=\"\" data-brz-link-type=\"external\" target=\"_blank\" rel=\"nofollow\"><span class=\"text-population\"><\/span><\/a><a class=\"brz-cp-color5 link--external is-empty\" href=\"\" data-brz-link-type=\"external\" target=\"_blank\"> <\/a><\/p>\n<\/div>\n<\/div>\n<\/div>\n<div id=\"\" class=\"brz-css-i3jda1 brz-css-1z0he10 brz-wrapper\">\n<div class=\"brz-rich-text brz-rich-text__custom brz-css-16y265p\" data-brz-custom-id=\"kwmdxcqnnidphcgyregwaaoxiudboinsjehw\">\n<div data-brz-translate-text=\"1\">\n<p class=\"brz-mb-lg-0 brz-lh-lg-1_5 brz-lh-sm-im-1_5 brz-lh-xs-im-1_5 brz-fs-lg-17 brz-fs-sm-im-12 brz-fs-xs-im-12 brz-ls-lg-1_1 brz-ls-sm-im-1 brz-ls-xs-im-1 brz-ff-montserrat brz-ft-google brz-fw-lg-700 brz-fw-sm-im-700 brz-fw-xs-im-700 brz-css-gQuKk\"><strong class=\"brz-cp-color1\"><span class=\"text-population\"><\/span> <\/strong><\/p>\n<\/div>\n<\/div>\n<\/div>\n<div id=\"\" class=\"brz-css-i3jda1 brz-wrapper\">\n<div class=\"brz-wp-title brz-css-czipzn brz-css-1t95zqz\" data-brz-custom-id=\"olwvnnwnwsjqwaupuqdchvoeholclvwqpnhw\"><span class=\"brz-wp-title-content\"><\/span><\/div>\n<\/div>\n<div id=\"\" class=\"brz-css-i3jda1 brz-wrapper\">\n<div class=\"brz-wp-post-excerpt brz-css-1mt09bb\" data-brz-custom-id=\"htblguubyyvnjhslogqizyhbixwaxckirlrl\"><span class=\"brz-wp-post-excerpt-content\"><\/span><\/div>\n<\/div>\n<div class=\"brz-wrapper-clone brz-css-dzf8u9\">\n<div class=\"brz-d-xs-flex brz-flex-xs-wrap brz-css-1eabyiu brz-css-7ib2xa\" data-brz-custom-id=\"\">\n<div class=\"brz-wrapper-clone__item\" id=\"quagrsdikaqyddtrkqokejrtlshabscnxpim\"><a class=\"brz-a brz-btn brz-css-1hbe3g0 brz-css-15q70aa brz-css-6zumbk brz-css-18alg7u brz-css-1aqiuny\" href=\"\" target=\"_self\" rel=\"noopener\" data-brz-link-type=\"external\" data-brz-custom-id=\"quagrsdikaqyddtrkqokejrtlshabscnxpim\"><span data-brz-translate-text=\"1\" class=\"brz-span brz-text__editor\">Request a Quote<\/span><\/a><\/div>\n<\/div>\n<\/div>\n<\/div>\n<\/div>\n<\/div>\n<\/div>\n<\/div>\n<\/div>\n<\/div>\n<\/div>\n<\/div>\n<\/div>\n<\/div>\n<\/div>\n<\/div>\n<\/div>\n<\/div>\n<\/div>\n<\/section>\n<\/div>\n<p>    <!-- version:1736992933 --><\/p>","protected":false},"excerpt":{"rendered":"<p>We are experts in Digital Marketing and Web Design Project Portfolio Request a Quote<\/p>","protected":false},"author":1,"featured_media":0,"parent":0,"menu_order":0,"comment_status":"closed","ping_status":"closed","template":"brizy-blank-template.php","meta":{"_acf_changed":false,"site-sidebar-layout":"default","site-content-layout":"","ast-site-content-layout":"default","site-content-style":"default","site-sidebar-style":"default","ast-global-header-display":"","ast-banner-title-visibility":"","ast-main-header-display":"","ast-hfb-above-header-display":"","ast-hfb-below-header-display":"","ast-hfb-mobile-header-display":"","site-post-title":"","ast-breadcrumbs-content":"","ast-featured-img":"","footer-sml-layout":"","ast-disable-related-posts":"","theme-transparent-header-meta":"","adv-header-id-meta":"","stick-header-meta":"","header-above-stick-meta":"","header-main-stick-meta":"","header-below-stick-meta":"","astra-migrate-meta-layouts":"default","ast-page-background-enabled":"default","ast-page-background-meta":{"desktop":{"background-color":"var(--ast-global-color-4)","background-image":"","background-repeat":"repeat","background-position":"center center","background-size":"auto","background-attachment":"scroll","background-type":"","background-media":"","overlay-type":"","overlay-color":"","overlay-opacity":"","overlay-gradient":""},"tablet":{"background-color":"","background-image":"","background-repeat":"repeat","background-position":"center center","background-size":"auto","background-attachment":"scroll","background-type":"","background-media":"","overlay-type":"","overlay-color":"","overlay-opacity":"","overlay-gradient":""},"mobile":{"background-color":"","background-image":"","background-repeat":"repeat","background-position":"center center","background-size":"auto","background-attachment":"scroll","background-type":"","background-media":"","overlay-type":"","overlay-color":"","overlay-opacity":"","overlay-gradient":""}},"ast-content-background-meta":{"desktop":{"background-color":"var(--ast-global-color-5)","background-image":"","background-repeat":"repeat","background-position":"center center","background-size":"auto","background-attachment":"scroll","background-type":"","background-media":"","overlay-type":"","overlay-color":"","overlay-opacity":"","overlay-gradient":""},"tablet":{"background-color":"var(--ast-global-color-5)","background-image":"","background-repeat":"repeat","background-position":"center center","background-size":"auto","background-attachment":"scroll","background-type":"","background-media":"","overlay-type":"","overlay-color":"","overlay-opacity":"","overlay-gradient":""},"mobile":{"background-color":"var(--ast-global-color-5)","background-image":"","background-repeat":"repeat","background-position":"center center","background-size":"auto","background-attachment":"scroll","background-type":"","background-media":"","overlay-type":"","overlay-color":"","overlay-opacity":"","overlay-gradient":""}},"footnotes":""},"class_list":["post-1741","page","type-page","status-publish","hentry"],"acf":[],"yoast_head":"<!-- This site is optimized with the Yoast SEO plugin v27.4 - https:\/\/yoast.com\/product\/yoast-seo-wordpress\/ -->\n<title>Expertos en Marketing Digital &#8211; Portafolio -<\/title>\n<meta name=\"description\" content=\"Nuestro equipo de expertos en Marketing Digital est\u00e1 dispuesto a ayudarlos a incrementar sus resultados online con la m\u00e1s m\u00ednima inversi\u00f3n\" \/>\n<meta name=\"robots\" content=\"index, follow, max-snippet:-1, max-image-preview:large, max-video-preview:-1\" \/>\n<link rel=\"canonical\" href=\"https:\/\/plusclic.com\/en\/expertos-en-marketing-digital-portafolio\/\" \/>\n<meta property=\"og:locale\" content=\"en_US\" \/>\n<meta property=\"og:type\" content=\"article\" \/>\n<meta property=\"og:title\" content=\"Expertos en Marketing Digital &#8211; Portafolio -\" \/>\n<meta property=\"og:description\" content=\"Nuestro equipo de expertos en Marketing Digital est\u00e1 dispuesto a ayudarlos a incrementar sus resultados online con la m\u00e1s m\u00ednima inversi\u00f3n\" \/>\n<meta property=\"og:url\" content=\"https:\/\/plusclic.com\/en\/expertos-en-marketing-digital-portafolio\/\" \/>\n<meta property=\"article:modified_time\" content=\"2026-04-06T13:48:32+00:00\" \/>\n<meta name=\"twitter:card\" content=\"summary_large_image\" \/>\n<script type=\"application\/ld+json\" class=\"yoast-schema-graph\">{\"@context\":\"https:\\\/\\\/schema.org\",\"@graph\":[{\"@type\":\"WebPage\",\"@id\":\"https:\\\/\\\/plusclic.com\\\/expertos-en-marketing-digital-portafolio\\\/\",\"url\":\"https:\\\/\\\/plusclic.com\\\/expertos-en-marketing-digital-portafolio\\\/\",\"name\":\"Expertos en Marketing Digital &#8211; Portafolio -\",\"isPartOf\":{\"@id\":\"https:\\\/\\\/plusclic.com\\\/#website\"},\"datePublished\":\"2021-05-03T18:56:51+00:00\",\"dateModified\":\"2026-04-06T13:48:32+00:00\",\"description\":\"Nuestro equipo de expertos en Marketing Digital est\u00e1 dispuesto a ayudarlos a incrementar sus resultados online con la m\u00e1s m\u00ednima inversi\u00f3n\",\"breadcrumb\":{\"@id\":\"https:\\\/\\\/plusclic.com\\\/expertos-en-marketing-digital-portafolio\\\/#breadcrumb\"},\"inLanguage\":\"en-US\",\"potentialAction\":[{\"@type\":\"ReadAction\",\"target\":[\"https:\\\/\\\/plusclic.com\\\/expertos-en-marketing-digital-portafolio\\\/\"]}]},{\"@type\":\"BreadcrumbList\",\"@id\":\"https:\\\/\\\/plusclic.com\\\/expertos-en-marketing-digital-portafolio\\\/#breadcrumb\",\"itemListElement\":[{\"@type\":\"ListItem\",\"position\":1,\"name\":\"Home\",\"item\":\"https:\\\/\\\/plusclic.com\\\/\"},{\"@type\":\"ListItem\",\"position\":2,\"name\":\"Expertos en Marketing Digital &#8211; Portafolio\"}]},{\"@type\":\"WebSite\",\"@id\":\"https:\\\/\\\/plusclic.com\\\/#website\",\"url\":\"https:\\\/\\\/plusclic.com\\\/\",\"name\":\"\",\"description\":\"Agencia de Marketing Digital\",\"potentialAction\":[{\"@type\":\"SearchAction\",\"target\":{\"@type\":\"EntryPoint\",\"urlTemplate\":\"https:\\\/\\\/plusclic.com\\\/?s={search_term_string}\"},\"query-input\":{\"@type\":\"PropertyValueSpecification\",\"valueRequired\":true,\"valueName\":\"search_term_string\"}}],\"inLanguage\":\"en-US\"}]}<\/script>\n<!-- \/ Yoast SEO plugin. -->","yoast_head_json":{"title":"Expertos en Marketing Digital &#8211; Portafolio -","description":"Nuestro equipo de expertos en Marketing Digital est\u00e1 dispuesto a ayudarlos a incrementar sus resultados online con la m\u00e1s m\u00ednima inversi\u00f3n","robots":{"index":"index","follow":"follow","max-snippet":"max-snippet:-1","max-image-preview":"max-image-preview:large","max-video-preview":"max-video-preview:-1"},"canonical":"https:\/\/plusclic.com\/en\/expertos-en-marketing-digital-portafolio\/","og_locale":"en_US","og_type":"article","og_title":"Expertos en Marketing Digital &#8211; Portafolio -","og_description":"Nuestro equipo de expertos en Marketing Digital est\u00e1 dispuesto a ayudarlos a incrementar sus resultados online con la m\u00e1s m\u00ednima inversi\u00f3n","og_url":"https:\/\/plusclic.com\/en\/expertos-en-marketing-digital-portafolio\/","article_modified_time":"2026-04-06T13:48:32+00:00","twitter_card":"summary_large_image","schema":{"@context":"https:\/\/schema.org","@graph":[{"@type":"WebPage","@id":"https:\/\/plusclic.com\/expertos-en-marketing-digital-portafolio\/","url":"https:\/\/plusclic.com\/expertos-en-marketing-digital-portafolio\/","name":"Expertos en Marketing Digital &#8211; Portafolio -","isPartOf":{"@id":"https:\/\/plusclic.com\/#website"},"datePublished":"2021-05-03T18:56:51+00:00","dateModified":"2026-04-06T13:48:32+00:00","description":"Nuestro equipo de expertos en Marketing Digital est\u00e1 dispuesto a ayudarlos a incrementar sus resultados online con la m\u00e1s m\u00ednima inversi\u00f3n","breadcrumb":{"@id":"https:\/\/plusclic.com\/expertos-en-marketing-digital-portafolio\/#breadcrumb"},"inLanguage":"en-US","potentialAction":[{"@type":"ReadAction","target":["https:\/\/plusclic.com\/expertos-en-marketing-digital-portafolio\/"]}]},{"@type":"BreadcrumbList","@id":"https:\/\/plusclic.com\/expertos-en-marketing-digital-portafolio\/#breadcrumb","itemListElement":[{"@type":"ListItem","position":1,"name":"Home","item":"https:\/\/plusclic.com\/"},{"@type":"ListItem","position":2,"name":"Expertos en Marketing Digital &#8211; Portafolio"}]},{"@type":"WebSite","@id":"https:\/\/plusclic.com\/#website","url":"https:\/\/plusclic.com\/","name":"","description":"Agencia de Marketing Digital","potentialAction":[{"@type":"SearchAction","target":{"@type":"EntryPoint","urlTemplate":"https:\/\/plusclic.com\/?s={search_term_string}"},"query-input":{"@type":"PropertyValueSpecification","valueRequired":true,"valueName":"search_term_string"}}],"inLanguage":"en-US"}]}},"brizy_media":[],"_links":{"self":[{"href":"https:\/\/plusclic.com\/en\/wp-json\/wp\/v2\/pages\/1741","targetHints":{"allow":["GET"]}}],"collection":[{"href":"https:\/\/plusclic.com\/en\/wp-json\/wp\/v2\/pages"}],"about":[{"href":"https:\/\/plusclic.com\/en\/wp-json\/wp\/v2\/types\/page"}],"author":[{"embeddable":true,"href":"https:\/\/plusclic.com\/en\/wp-json\/wp\/v2\/users\/1"}],"replies":[{"embeddable":true,"href":"https:\/\/plusclic.com\/en\/wp-json\/wp\/v2\/comments?post=1741"}],"version-history":[{"count":17,"href":"https:\/\/plusclic.com\/en\/wp-json\/wp\/v2\/pages\/1741\/revisions"}],"predecessor-version":[{"id":4971,"href":"https:\/\/plusclic.com\/en\/wp-json\/wp\/v2\/pages\/1741\/revisions\/4971"}],"wp:attachment":[{"href":"https:\/\/plusclic.com\/en\/wp-json\/wp\/v2\/media?parent=1741"}],"curies":[{"name":"wp","href":"https:\/\/api.w.org\/{rel}","templated":true}]}}