{"id":1065,"date":"2020-10-23T22:36:07","date_gmt":"2020-10-23T22:36:07","guid":{"rendered":"https:\/\/plusclic.com\/?page_id=1065"},"modified":"2020-10-23T22:36:07","modified_gmt":"2020-10-23T22:36:07","slug":"monitorear-y-potenciar-sitio-web","status":"publish","type":"page","link":"https:\/\/plusclic.com\/en\/monitorear-y-potenciar-sitio-web\/","title":{"rendered":"Monitor and enhance website"},"content":{"rendered":"<ol class=\"wp-block-list\"><li><strong>Web monitoring and maintenance service:&nbsp;<\/strong><\/li><\/ol>\n\n\n\n<p>WordPress Website Management: So you can avoid worrying about whether your site is down or whether your plugins and theme are out of date.<\/p>\n\n\n\n<ul class=\"wp-block-list\"><li>Monitoring the website every 5 minutes with a page status page like this status.plusclic.com<\/li><li>Periodic security scanning<\/li><li>Making backups<\/li><li>Link monitoring (to find out if you have broken links that harm SEO)<\/li><li>SEO Ranking Monitoring<\/li><li>WordPress Plugin Security Vulnerabilities Review<\/li><li>WordPress Post and Comment Optimization<\/li><li>Database Optimization<\/li><li>Plugin and theme updates (Once a month)<\/li><li>Monthly report<\/li><\/ul>\n\n\n\n<ol class=\"wp-block-list\" start=\"2\"><li><strong>Chatbot Service<\/strong><\/li><\/ol>\n\n\n\n<p>An intelligent virtual assistant, so that visitors are never left without an answer and that collects their data, so that sales can be tracked.<\/p>\n\n\n\n<p>Chatbot service, hosting and system updates<\/p>\n\n\n\n<ul class=\"wp-block-list\"><li>Unlimited Chatbots<\/li><li>Unlimited users<\/li><li>Sessions 5,000 per month (A session is all the messages a person can send in 24 hours)<\/li><li>Unlimited Agents<\/li><\/ul>\n\n\n\n<ol class=\"wp-block-list\" start=\"3\"><li><strong>Dynamic Testimonials<\/strong><\/li><\/ol>\n\n\n\n<p>Tell your customers and prospects that you are their best option through real testimonials from satisfied customers and Boost your business and sales<\/p>\n\n\n\n<ul class=\"wp-block-list\"><li>Unlimited Widgets<\/li><li>Unlimited Testimonial Submissions<\/li><li>Unlimited Websites<\/li><li>12,500 active users per month (an active user is one who views the testimonial, a user can view the testimonial 20 times and it will only count as one)<\/li><\/ul>\n\n\n\n<ol class=\"wp-block-list\" start=\"4\"><li><strong>Dynamic Notifications<\/strong><\/li><\/ol>\n\n\n\n<p>Encourage your website visitors to take action by showing that other people have done it before.<\/p>\n\n\n\n<p>This service includes<\/p>\n\n\n\n<ol class=\"wp-block-list\"><li>All types of notifications<\/li><li>Unlimited websites and subdomains<\/li><li>Unlimited prints<\/li><li>5,500 unique visitors per month. (A unique visitor corresponds to all the visits that a person can make in one day)<\/li><li>Advanced Features<\/li><li>All integrations<\/li><li>Reports and analytics<\/li><li>All notifications including, live visitors, recent purchases and check-ins, counters and reviews.<\/li><\/ol>","protected":false},"excerpt":{"rendered":"<p>Web Monitoring and Maintenance Service: WordPress Website Management: So you can avoid worrying about whether your site is down or whether your plugins and theme are out of date. Website monitoring every 5 minutes with a page status page like this one status.plusclic.com Scanning of your website every 5 minutes with a page status page like this one status.plusclic.com [\u2026]<\/p>","protected":false},"author":1,"featured_media":0,"parent":0,"menu_order":0,"comment_status":"closed","ping_status":"closed","template":"","meta":{"_acf_changed":false,"site-sidebar-layout":"default","site-content-layout":"","ast-site-content-layout":"default","site-content-style":"default","site-sidebar-style":"default","ast-global-header-display":"","ast-banner-title-visibility":"","ast-main-header-display":"","ast-hfb-above-header-display":"","ast-hfb-below-header-display":"","ast-hfb-mobile-header-display":"","site-post-title":"","ast-breadcrumbs-content":"","ast-featured-img":"","footer-sml-layout":"","ast-disable-related-posts":"","theme-transparent-header-meta":"","adv-header-id-meta":"","stick-header-meta":"","header-above-stick-meta":"","header-main-stick-meta":"","header-below-stick-meta":"","astra-migrate-meta-layouts":"default","ast-page-background-enabled":"default","ast-page-background-meta":{"desktop":{"background-color":"var(--ast-global-color-4)","background-image":"","background-repeat":"repeat","background-position":"center center","background-size":"auto","background-attachment":"scroll","background-type":"","background-media":"","overlay-type":"","overlay-color":"","overlay-opacity":"","overlay-gradient":""},"tablet":{"background-color":"","background-image":"","background-repeat":"repeat","background-position":"center center","background-size":"auto","background-attachment":"scroll","background-type":"","background-media":"","overlay-type":"","overlay-color":"","overlay-opacity":"","overlay-gradient":""},"mobile":{"background-color":"","background-image":"","background-repeat":"repeat","background-position":"center center","background-size":"auto","background-attachment":"scroll","background-type":"","background-media":"","overlay-type":"","overlay-color":"","overlay-opacity":"","overlay-gradient":""}},"ast-content-background-meta":{"desktop":{"background-color":"var(--ast-global-color-5)","background-image":"","background-repeat":"repeat","background-position":"center center","background-size":"auto","background-attachment":"scroll","background-type":"","background-media":"","overlay-type":"","overlay-color":"","overlay-opacity":"","overlay-gradient":""},"tablet":{"background-color":"var(--ast-global-color-5)","background-image":"","background-repeat":"repeat","background-position":"center center","background-size":"auto","background-attachment":"scroll","background-type":"","background-media":"","overlay-type":"","overlay-color":"","overlay-opacity":"","overlay-gradient":""},"mobile":{"background-color":"var(--ast-global-color-5)","background-image":"","background-repeat":"repeat","background-position":"center center","background-size":"auto","background-attachment":"scroll","background-type":"","background-media":"","overlay-type":"","overlay-color":"","overlay-opacity":"","overlay-gradient":""}},"footnotes":""},"class_list":["post-1065","page","type-page","status-publish","hentry"],"acf":[],"yoast_head":"<!-- This site is optimized with the Yoast SEO plugin v27.4 - https:\/\/yoast.com\/product\/yoast-seo-wordpress\/ -->\n<title>Monitorear y potenciar sitio web -<\/title>\n<meta name=\"robots\" content=\"index, follow, max-snippet:-1, max-image-preview:large, max-video-preview:-1\" \/>\n<link rel=\"canonical\" href=\"https:\/\/plusclic.com\/en\/monitorear-y-potenciar-sitio-web\/\" \/>\n<meta property=\"og:locale\" content=\"en_US\" \/>\n<meta property=\"og:type\" content=\"article\" \/>\n<meta property=\"og:title\" content=\"Monitorear y potenciar sitio web -\" \/>\n<meta property=\"og:description\" content=\"Servicio de monitoreo y mantenimiento web:&nbsp; Gesti\u00f3n de sitios web hechos con WordPress: Para que se libere de la preocupaci\u00f3n de saber si el sitio est\u00e1 ca\u00eddo o si tiene los plugins y el tema desactualizados. Monitoreo del sitio web cada 5 minutos con una p\u00e1gina de estado de la p\u00e1gina como esta status.plusclic.com Escaneo [&hellip;]\" \/>\n<meta property=\"og:url\" content=\"https:\/\/plusclic.com\/en\/monitorear-y-potenciar-sitio-web\/\" \/>\n<meta name=\"twitter:card\" content=\"summary_large_image\" \/>\n<meta name=\"twitter:label1\" content=\"Est. reading time\" \/>\n\t<meta name=\"twitter:data1\" content=\"2 minutes\" \/>\n<script type=\"application\/ld+json\" class=\"yoast-schema-graph\">{\"@context\":\"https:\\\/\\\/schema.org\",\"@graph\":[{\"@type\":\"WebPage\",\"@id\":\"https:\\\/\\\/plusclic.com\\\/monitorear-y-potenciar-sitio-web\\\/\",\"url\":\"https:\\\/\\\/plusclic.com\\\/monitorear-y-potenciar-sitio-web\\\/\",\"name\":\"Monitorear y potenciar sitio web -\",\"isPartOf\":{\"@id\":\"https:\\\/\\\/plusclic.com\\\/#website\"},\"datePublished\":\"2020-10-23T22:36:07+00:00\",\"breadcrumb\":{\"@id\":\"https:\\\/\\\/plusclic.com\\\/monitorear-y-potenciar-sitio-web\\\/#breadcrumb\"},\"inLanguage\":\"en-US\",\"potentialAction\":[{\"@type\":\"ReadAction\",\"target\":[\"https:\\\/\\\/plusclic.com\\\/monitorear-y-potenciar-sitio-web\\\/\"]}]},{\"@type\":\"BreadcrumbList\",\"@id\":\"https:\\\/\\\/plusclic.com\\\/monitorear-y-potenciar-sitio-web\\\/#breadcrumb\",\"itemListElement\":[{\"@type\":\"ListItem\",\"position\":1,\"name\":\"Home\",\"item\":\"https:\\\/\\\/plusclic.com\\\/\"},{\"@type\":\"ListItem\",\"position\":2,\"name\":\"Monitorear y potenciar sitio web\"}]},{\"@type\":\"WebSite\",\"@id\":\"https:\\\/\\\/plusclic.com\\\/#website\",\"url\":\"https:\\\/\\\/plusclic.com\\\/\",\"name\":\"\",\"description\":\"Agencia de Marketing Digital\",\"potentialAction\":[{\"@type\":\"SearchAction\",\"target\":{\"@type\":\"EntryPoint\",\"urlTemplate\":\"https:\\\/\\\/plusclic.com\\\/?s={search_term_string}\"},\"query-input\":{\"@type\":\"PropertyValueSpecification\",\"valueRequired\":true,\"valueName\":\"search_term_string\"}}],\"inLanguage\":\"en-US\"}]}<\/script>\n<!-- \/ Yoast SEO plugin. -->","yoast_head_json":{"title":"Monitorear y potenciar sitio web -","robots":{"index":"index","follow":"follow","max-snippet":"max-snippet:-1","max-image-preview":"max-image-preview:large","max-video-preview":"max-video-preview:-1"},"canonical":"https:\/\/plusclic.com\/en\/monitorear-y-potenciar-sitio-web\/","og_locale":"en_US","og_type":"article","og_title":"Monitorear y potenciar sitio web -","og_description":"Servicio de monitoreo y mantenimiento web:&nbsp; Gesti\u00f3n de sitios web hechos con WordPress: Para que se libere de la preocupaci\u00f3n de saber si el sitio est\u00e1 ca\u00eddo o si tiene los plugins y el tema desactualizados. Monitoreo del sitio web cada 5 minutos con una p\u00e1gina de estado de la p\u00e1gina como esta status.plusclic.com Escaneo [&hellip;]","og_url":"https:\/\/plusclic.com\/en\/monitorear-y-potenciar-sitio-web\/","twitter_card":"summary_large_image","twitter_misc":{"Est. reading time":"2 minutes"},"schema":{"@context":"https:\/\/schema.org","@graph":[{"@type":"WebPage","@id":"https:\/\/plusclic.com\/monitorear-y-potenciar-sitio-web\/","url":"https:\/\/plusclic.com\/monitorear-y-potenciar-sitio-web\/","name":"Monitorear y potenciar sitio web -","isPartOf":{"@id":"https:\/\/plusclic.com\/#website"},"datePublished":"2020-10-23T22:36:07+00:00","breadcrumb":{"@id":"https:\/\/plusclic.com\/monitorear-y-potenciar-sitio-web\/#breadcrumb"},"inLanguage":"en-US","potentialAction":[{"@type":"ReadAction","target":["https:\/\/plusclic.com\/monitorear-y-potenciar-sitio-web\/"]}]},{"@type":"BreadcrumbList","@id":"https:\/\/plusclic.com\/monitorear-y-potenciar-sitio-web\/#breadcrumb","itemListElement":[{"@type":"ListItem","position":1,"name":"Home","item":"https:\/\/plusclic.com\/"},{"@type":"ListItem","position":2,"name":"Monitorear y potenciar sitio web"}]},{"@type":"WebSite","@id":"https:\/\/plusclic.com\/#website","url":"https:\/\/plusclic.com\/","name":"","description":"Agencia de Marketing Digital","potentialAction":[{"@type":"SearchAction","target":{"@type":"EntryPoint","urlTemplate":"https:\/\/plusclic.com\/?s={search_term_string}"},"query-input":{"@type":"PropertyValueSpecification","valueRequired":true,"valueName":"search_term_string"}}],"inLanguage":"en-US"}]}},"brizy_media":[],"_links":{"self":[{"href":"https:\/\/plusclic.com\/en\/wp-json\/wp\/v2\/pages\/1065","targetHints":{"allow":["GET"]}}],"collection":[{"href":"https:\/\/plusclic.com\/en\/wp-json\/wp\/v2\/pages"}],"about":[{"href":"https:\/\/plusclic.com\/en\/wp-json\/wp\/v2\/types\/page"}],"author":[{"embeddable":true,"href":"https:\/\/plusclic.com\/en\/wp-json\/wp\/v2\/users\/1"}],"replies":[{"embeddable":true,"href":"https:\/\/plusclic.com\/en\/wp-json\/wp\/v2\/comments?post=1065"}],"version-history":[{"count":2,"href":"https:\/\/plusclic.com\/en\/wp-json\/wp\/v2\/pages\/1065\/revisions"}],"predecessor-version":[{"id":1067,"href":"https:\/\/plusclic.com\/en\/wp-json\/wp\/v2\/pages\/1065\/revisions\/1067"}],"wp:attachment":[{"href":"https:\/\/plusclic.com\/en\/wp-json\/wp\/v2\/media?parent=1065"}],"curies":[{"name":"wp","href":"https:\/\/api.w.org\/{rel}","templated":true}]}}